{"id":30,"date":"2020-06-05T09:14:31","date_gmt":"2020-06-05T09:14:31","guid":{"rendered":"https:\/\/demo.casethemes.net\/bixol\/?page_id=30"},"modified":"2024-04-15T15:43:21","modified_gmt":"2024-04-15T15:43:21","slug":"keo-professional-illusione-sac-boyasi","status":"publish","type":"page","link":"https:\/\/www.keoprotr.com\/en\/keo-professional-illusione-sac-boyasi\/","title":{"rendered":"Keo Professional Illusione Sa\u00e7 Boyas\u0131"},"content":{"rendered":"<div data-elementor-type=\"wp-page\" data-elementor-id=\"30\" class=\"elementor elementor-30\">\n\t\t\t\t\t\t\t<div class=\"elementor-element elementor-element-351ff5fa elementor-hidden-tablet elementor-hidden-mobile e-flex e-con-boxed e-con e-parent\" data-id=\"351ff5fa\" data-element_type=\"container\" data-settings=\"{&quot;content_width&quot;:&quot;boxed&quot;}\" data-core-v316-plus=\"true\">\n\t\t\t\t\t<div class=\"e-con-inner\">\n\t\t<div class=\"elementor-element elementor-element-2e8c1bd6 e-con-full e-flex e-con e-child\" data-id=\"2e8c1bd6\" data-element_type=\"container\" data-settings=\"{&quot;content_width&quot;:&quot;full&quot;}\">\n\t\t\t\t<div class=\"elementor-element elementor-element-2bd64eea elementor-widget elementor-widget-image\" data-id=\"2bd64eea\" data-element_type=\"widget\" data-widget_type=\"image.default\">\n\t\t\t\t<div class=\"elementor-widget-container\">\n\t\t\t<style>\/*! elementor - v3.18.0 - 20-12-2023 *\/\n.elementor-widget-image{text-align:center}.elementor-widget-image a{display:inline-block}.elementor-widget-image a img[src$=\".svg\"]{width:48px}.elementor-widget-image img{vertical-align:middle;display:inline-block}<\/style>\t\t\t\t\t\t\t\t\t\t\t\t\t<a href=\"https:\/\/www.keoprotr.com\/en\/keo-professional-illusione-sac-boyasi\/\">\n\t\t\t\t\t\t\t<img fetchpriority=\"high\" decoding=\"async\" width=\"2000\" height=\"946\" src=\"https:\/\/www.keoprotr.com\/wp-content\/uploads\/2024\/03\/BATU-1H.png\" class=\"attachment-full size-full wp-image-8351\" alt=\"\" srcset=\"https:\/\/www.keoprotr.com\/wp-content\/uploads\/2024\/03\/BATU-1H.png 2000w, https:\/\/www.keoprotr.com\/wp-content\/uploads\/2024\/03\/BATU-1H-300x142.png 300w, https:\/\/www.keoprotr.com\/wp-content\/uploads\/2024\/03\/BATU-1H-1024x484.png 1024w, https:\/\/www.keoprotr.com\/wp-content\/uploads\/2024\/03\/BATU-1H-768x363.png 768w, https:\/\/www.keoprotr.com\/wp-content\/uploads\/2024\/03\/BATU-1H-1536x727.png 1536w, https:\/\/www.keoprotr.com\/wp-content\/uploads\/2024\/03\/BATU-1H-600x284.png 600w\" sizes=\"(max-width: 2000px) 100vw, 2000px\" \/>\t\t\t\t\t\t\t\t<\/a>\n\t\t\t\t\t\t\t\t\t\t\t\t\t\t\t<\/div>\n\t\t\t\t<\/div>\n\t\t\t\t<\/div>\n\t\t<div class=\"elementor-element elementor-element-50968566 e-con-full e-flex e-con e-child\" data-id=\"50968566\" data-element_type=\"container\" data-settings=\"{&quot;content_width&quot;:&quot;full&quot;}\">\n\t\t\t\t<div class=\"elementor-element elementor-element-23316009 elementor-widget elementor-widget-image\" data-id=\"23316009\" data-element_type=\"widget\" data-widget_type=\"image.default\">\n\t\t\t\t<div class=\"elementor-widget-container\">\n\t\t\t\t\t\t\t\t\t\t\t\t\t\t\t\t<a href=\"https:\/\/www.keoprotr.com\/en\/keo-collagen\/\">\n\t\t\t\t\t\t\t<img decoding=\"async\" width=\"2000\" height=\"946\" src=\"https:\/\/www.keoprotr.com\/wp-content\/uploads\/2024\/03\/BATU-2G.png\" class=\"attachment-full size-full wp-image-8346\" alt=\"\" srcset=\"https:\/\/www.keoprotr.com\/wp-content\/uploads\/2024\/03\/BATU-2G.png 2000w, https:\/\/www.keoprotr.com\/wp-content\/uploads\/2024\/03\/BATU-2G-300x142.png 300w, https:\/\/www.keoprotr.com\/wp-content\/uploads\/2024\/03\/BATU-2G-1024x484.png 1024w, https:\/\/www.keoprotr.com\/wp-content\/uploads\/2024\/03\/BATU-2G-768x363.png 768w, https:\/\/www.keoprotr.com\/wp-content\/uploads\/2024\/03\/BATU-2G-1536x727.png 1536w, https:\/\/www.keoprotr.com\/wp-content\/uploads\/2024\/03\/BATU-2G-600x284.png 600w\" sizes=\"(max-width: 2000px) 100vw, 2000px\" \/>\t\t\t\t\t\t\t\t<\/a>\n\t\t\t\t\t\t\t\t\t\t\t\t\t\t\t<\/div>\n\t\t\t\t<\/div>\n\t\t\t\t<\/div>\n\t\t<div class=\"elementor-element elementor-element-743c4b75 e-con-full e-flex e-con e-child\" data-id=\"743c4b75\" data-element_type=\"container\" data-settings=\"{&quot;content_width&quot;:&quot;full&quot;}\">\n\t\t\t\t<div class=\"elementor-element elementor-element-355d18d6 elementor-widget elementor-widget-image\" data-id=\"355d18d6\" data-element_type=\"widget\" data-widget_type=\"image.default\">\n\t\t\t\t<div class=\"elementor-widget-container\">\n\t\t\t\t\t\t\t\t\t\t\t\t\t\t\t\t<a href=\"https:\/\/www.keoprotr.com\/en\/keo-professional-decolorante-beyaz\/\">\n\t\t\t\t\t\t\t<img decoding=\"async\" width=\"2000\" height=\"946\" src=\"https:\/\/www.keoprotr.com\/wp-content\/uploads\/2024\/04\/keoustbannerracici-min.png\" class=\"attachment-full size-full wp-image-8708\" alt=\"\" srcset=\"https:\/\/www.keoprotr.com\/wp-content\/uploads\/2024\/04\/keoustbannerracici-min.png 2000w, https:\/\/www.keoprotr.com\/wp-content\/uploads\/2024\/04\/keoustbannerracici-min-300x142.png 300w, https:\/\/www.keoprotr.com\/wp-content\/uploads\/2024\/04\/keoustbannerracici-min-1024x484.png 1024w, https:\/\/www.keoprotr.com\/wp-content\/uploads\/2024\/04\/keoustbannerracici-min-768x363.png 768w, https:\/\/www.keoprotr.com\/wp-content\/uploads\/2024\/04\/keoustbannerracici-min-1536x727.png 1536w, https:\/\/www.keoprotr.com\/wp-content\/uploads\/2024\/04\/keoustbannerracici-min-18x9.png 18w, https:\/\/www.keoprotr.com\/wp-content\/uploads\/2024\/04\/keoustbannerracici-min-600x284.png 600w\" sizes=\"(max-width: 2000px) 100vw, 2000px\" \/>\t\t\t\t\t\t\t\t<\/a>\n\t\t\t\t\t\t\t\t\t\t\t\t\t\t\t<\/div>\n\t\t\t\t<\/div>\n\t\t\t\t<\/div>\n\t\t<div class=\"elementor-element elementor-element-33d6eeae e-con-full e-flex e-con e-child\" data-id=\"33d6eeae\" data-element_type=\"container\" data-settings=\"{&quot;content_width&quot;:&quot;full&quot;}\">\n\t\t\t\t<div class=\"elementor-element elementor-element-30792e53 elementor-widget elementor-widget-image\" data-id=\"30792e53\" data-element_type=\"widget\" data-widget_type=\"image.default\">\n\t\t\t\t<div class=\"elementor-widget-container\">\n\t\t\t\t\t\t\t\t\t\t\t\t\t\t\t\t<a href=\"https:\/\/www.keoprotr.com\/en\/elements\/keo-argan\/\">\n\t\t\t\t\t\t\t<img loading=\"lazy\" decoding=\"async\" width=\"2000\" height=\"946\" src=\"https:\/\/www.keoprotr.com\/wp-content\/uploads\/2024\/03\/BATU-4H.png\" class=\"attachment-full size-full wp-image-8345\" alt=\"\" srcset=\"https:\/\/www.keoprotr.com\/wp-content\/uploads\/2024\/03\/BATU-4H.png 2000w, https:\/\/www.keoprotr.com\/wp-content\/uploads\/2024\/03\/BATU-4H-300x142.png 300w, https:\/\/www.keoprotr.com\/wp-content\/uploads\/2024\/03\/BATU-4H-1024x484.png 1024w, https:\/\/www.keoprotr.com\/wp-content\/uploads\/2024\/03\/BATU-4H-768x363.png 768w, https:\/\/www.keoprotr.com\/wp-content\/uploads\/2024\/03\/BATU-4H-1536x727.png 1536w, https:\/\/www.keoprotr.com\/wp-content\/uploads\/2024\/03\/BATU-4H-600x284.png 600w\" sizes=\"(max-width: 2000px) 100vw, 2000px\" \/>\t\t\t\t\t\t\t\t<\/a>\n\t\t\t\t\t\t\t\t\t\t\t\t\t\t\t<\/div>\n\t\t\t\t<\/div>\n\t\t\t\t<\/div>\n\t\t\t\t\t<\/div>\n\t\t\t\t<\/div>\n\t\t<div class=\"elementor-element elementor-element-5767a4ca e-flex e-con-boxed e-con e-parent\" data-id=\"5767a4ca\" data-element_type=\"container\" data-settings=\"{&quot;content_width&quot;:&quot;boxed&quot;}\" data-core-v316-plus=\"true\">\n\t\t\t\t\t<div class=\"e-con-inner\">\n\t\t\t\t<div class=\"elementor-element elementor-element-46dd16 elementor-hidden-desktop elementor-widget elementor-widget-image\" data-id=\"46dd16\" data-element_type=\"widget\" data-widget_type=\"image.default\">\n\t\t\t\t<div class=\"elementor-widget-container\">\n\t\t\t\t\t\t\t\t\t\t\t\t\t\t\t<img loading=\"lazy\" decoding=\"async\" width=\"2016\" height=\"351\" src=\"https:\/\/www.keoprotr.com\/wp-content\/uploads\/2024\/03\/yeni-mobillll.png\" class=\"attachment-full size-full wp-image-8389\" alt=\"\" srcset=\"https:\/\/www.keoprotr.com\/wp-content\/uploads\/2024\/03\/yeni-mobillll.png 2016w, https:\/\/www.keoprotr.com\/wp-content\/uploads\/2024\/03\/yeni-mobillll-300x52.png 300w, https:\/\/www.keoprotr.com\/wp-content\/uploads\/2024\/03\/yeni-mobillll-1024x178.png 1024w, https:\/\/www.keoprotr.com\/wp-content\/uploads\/2024\/03\/yeni-mobillll-768x134.png 768w, https:\/\/www.keoprotr.com\/wp-content\/uploads\/2024\/03\/yeni-mobillll-1536x267.png 1536w, https:\/\/www.keoprotr.com\/wp-content\/uploads\/2024\/03\/yeni-mobillll-600x104.png 600w\" sizes=\"(max-width: 2016px) 100vw, 2016px\" \/>\t\t\t\t\t\t\t\t\t\t\t\t\t\t\t<\/div>\n\t\t\t\t<\/div>\n\t\t\t\t\t<\/div>\n\t\t\t\t<\/div>\n\t\t<div class=\"elementor-element elementor-element-603f4e7 e-flex e-con-boxed e-con e-parent\" data-id=\"603f4e7\" data-element_type=\"container\" data-settings=\"{&quot;content_width&quot;:&quot;boxed&quot;}\" data-core-v316-plus=\"true\">\n\t\t\t\t\t<div class=\"e-con-inner\">\n\t\t<div class=\"elementor-element elementor-element-655d93c e-con-full e-flex e-con e-child\" data-id=\"655d93c\" data-element_type=\"container\" data-settings=\"{&quot;content_width&quot;:&quot;full&quot;}\">\n\t\t\t\t<div class=\"elementor-element elementor-element-2e03056 elementor-widget elementor-widget-image\" data-id=\"2e03056\" data-element_type=\"widget\" data-widget_type=\"image.default\">\n\t\t\t\t<div class=\"elementor-widget-container\">\n\t\t\t\t\t\t\t\t\t\t\t\t\t\t\t<img loading=\"lazy\" decoding=\"async\" width=\"254\" height=\"477\" src=\"https:\/\/www.keoprotr.com\/wp-content\/uploads\/2024\/03\/Layasdasddaer-1.png\" class=\"attachment-large size-large wp-image-7540\" alt=\"\" srcset=\"https:\/\/www.keoprotr.com\/wp-content\/uploads\/2024\/03\/Layasdasddaer-1.png 254w, https:\/\/www.keoprotr.com\/wp-content\/uploads\/2024\/03\/Layasdasddaer-1-160x300.png 160w\" sizes=\"(max-width: 254px) 100vw, 254px\" \/>\t\t\t\t\t\t\t\t\t\t\t\t\t\t\t<\/div>\n\t\t\t\t<\/div>\n\t\t\t\t<div class=\"elementor-element elementor-element-df053e7 elementor-widget elementor-widget-image\" data-id=\"df053e7\" data-element_type=\"widget\" data-widget_type=\"image.default\">\n\t\t\t\t<div class=\"elementor-widget-container\">\n\t\t\t\t\t\t\t\t\t\t\t\t\t\t\t<img loading=\"lazy\" decoding=\"async\" width=\"224\" height=\"14\" src=\"https:\/\/www.keoprotr.com\/wp-content\/uploads\/2024\/03\/asdasdasdasdsad.png\" class=\"attachment-large size-large wp-image-7572\" alt=\"\" \/>\t\t\t\t\t\t\t\t\t\t\t\t\t\t\t<\/div>\n\t\t\t\t<\/div>\n\t\t\t\t<div class=\"elementor-element elementor-element-51cac82 elementor-align-center elementor-widget elementor-widget-ct_button\" data-id=\"51cac82\" data-element_type=\"widget\" data-widget_type=\"ct_button.default\">\n\t\t\t\t<div class=\"elementor-widget-container\">\n\t\t\t<div id=\"ct_button-51cac82\" class=\"ct-button-wrapper ct-button-layout1\">\n    <div class=\"ct-inline-css\"  data-css=\"        \">\n    <\/div>\n            <span class=\"ct-icon-active\"><\/span>\n        <a href=\"https:\/\/api.whatsapp.com\/send\/?phone=905386798989&amp;text&amp;type=phone_number&amp;app_absent=0\" class=\"btn   btn-default  icon-ps-\" data-wow-delay=\"ms\">\n                            <span class=\"ct-button-icon ct-align-icon-\">\n                            <\/span>\n                <span class=\"ct-button-text\">\n                        Order Now        <\/span>\n    <\/a>\n<\/div>\t\t<\/div>\n\t\t\t\t<\/div>\n\t\t\t\t<div class=\"elementor-element elementor-element-8d74413 elementor-shape-rounded elementor-grid-0 e-grid-align-center elementor-widget elementor-widget-social-icons\" data-id=\"8d74413\" data-element_type=\"widget\" data-widget_type=\"social-icons.default\">\n\t\t\t\t<div class=\"elementor-widget-container\">\n\t\t\t<style>\/*! elementor - v3.18.0 - 20-12-2023 *\/\n.elementor-widget-social-icons.elementor-grid-0 .elementor-widget-container,.elementor-widget-social-icons.elementor-grid-mobile-0 .elementor-widget-container,.elementor-widget-social-icons.elementor-grid-tablet-0 .elementor-widget-container{line-height:1;font-size:0}.elementor-widget-social-icons:not(.elementor-grid-0):not(.elementor-grid-tablet-0):not(.elementor-grid-mobile-0) .elementor-grid{display:inline-grid}.elementor-widget-social-icons .elementor-grid{grid-column-gap:var(--grid-column-gap,5px);grid-row-gap:var(--grid-row-gap,5px);grid-template-columns:var(--grid-template-columns);justify-content:var(--justify-content,center);justify-items:var(--justify-content,center)}.elementor-icon.elementor-social-icon{font-size:var(--icon-size,25px);line-height:var(--icon-size,25px);width:calc(var(--icon-size, 25px) + 2 * var(--icon-padding, .5em));height:calc(var(--icon-size, 25px) + 2 * var(--icon-padding, .5em))}.elementor-social-icon{--e-social-icon-icon-color:#fff;display:inline-flex;background-color:#69727d;align-items:center;justify-content:center;text-align:center;cursor:pointer}.elementor-social-icon i{color:var(--e-social-icon-icon-color)}.elementor-social-icon svg{fill:var(--e-social-icon-icon-color)}.elementor-social-icon:last-child{margin:0}.elementor-social-icon:hover{opacity:.9;color:#fff}.elementor-social-icon-android{background-color:#a4c639}.elementor-social-icon-apple{background-color:#999}.elementor-social-icon-behance{background-color:#1769ff}.elementor-social-icon-bitbucket{background-color:#205081}.elementor-social-icon-codepen{background-color:#000}.elementor-social-icon-delicious{background-color:#39f}.elementor-social-icon-deviantart{background-color:#05cc47}.elementor-social-icon-digg{background-color:#005be2}.elementor-social-icon-dribbble{background-color:#ea4c89}.elementor-social-icon-elementor{background-color:#d30c5c}.elementor-social-icon-envelope{background-color:#ea4335}.elementor-social-icon-facebook,.elementor-social-icon-facebook-f{background-color:#3b5998}.elementor-social-icon-flickr{background-color:#0063dc}.elementor-social-icon-foursquare{background-color:#2d5be3}.elementor-social-icon-free-code-camp,.elementor-social-icon-freecodecamp{background-color:#006400}.elementor-social-icon-github{background-color:#333}.elementor-social-icon-gitlab{background-color:#e24329}.elementor-social-icon-globe{background-color:#69727d}.elementor-social-icon-google-plus,.elementor-social-icon-google-plus-g{background-color:#dd4b39}.elementor-social-icon-houzz{background-color:#7ac142}.elementor-social-icon-instagram{background-color:#262626}.elementor-social-icon-jsfiddle{background-color:#487aa2}.elementor-social-icon-link{background-color:#818a91}.elementor-social-icon-linkedin,.elementor-social-icon-linkedin-in{background-color:#0077b5}.elementor-social-icon-medium{background-color:#00ab6b}.elementor-social-icon-meetup{background-color:#ec1c40}.elementor-social-icon-mixcloud{background-color:#273a4b}.elementor-social-icon-odnoklassniki{background-color:#f4731c}.elementor-social-icon-pinterest{background-color:#bd081c}.elementor-social-icon-product-hunt{background-color:#da552f}.elementor-social-icon-reddit{background-color:#ff4500}.elementor-social-icon-rss{background-color:#f26522}.elementor-social-icon-shopping-cart{background-color:#4caf50}.elementor-social-icon-skype{background-color:#00aff0}.elementor-social-icon-slideshare{background-color:#0077b5}.elementor-social-icon-snapchat{background-color:#fffc00}.elementor-social-icon-soundcloud{background-color:#f80}.elementor-social-icon-spotify{background-color:#2ebd59}.elementor-social-icon-stack-overflow{background-color:#fe7a15}.elementor-social-icon-steam{background-color:#00adee}.elementor-social-icon-stumbleupon{background-color:#eb4924}.elementor-social-icon-telegram{background-color:#2ca5e0}.elementor-social-icon-thumb-tack{background-color:#1aa1d8}.elementor-social-icon-tripadvisor{background-color:#589442}.elementor-social-icon-tumblr{background-color:#35465c}.elementor-social-icon-twitch{background-color:#6441a5}.elementor-social-icon-twitter{background-color:#1da1f2}.elementor-social-icon-viber{background-color:#665cac}.elementor-social-icon-vimeo{background-color:#1ab7ea}.elementor-social-icon-vk{background-color:#45668e}.elementor-social-icon-weibo{background-color:#dd2430}.elementor-social-icon-weixin{background-color:#31a918}.elementor-social-icon-whatsapp{background-color:#25d366}.elementor-social-icon-wordpress{background-color:#21759b}.elementor-social-icon-xing{background-color:#026466}.elementor-social-icon-yelp{background-color:#af0606}.elementor-social-icon-youtube{background-color:#cd201f}.elementor-social-icon-500px{background-color:#0099e5}.elementor-shape-rounded .elementor-icon.elementor-social-icon{border-radius:10%}.elementor-shape-circle .elementor-icon.elementor-social-icon{border-radius:50%}<\/style>\t\t<div class=\"elementor-social-icons-wrapper elementor-grid\">\n\t\t\t\t\t\t\t<span class=\"elementor-grid-item\">\n\t\t\t\t\t<a class=\"elementor-icon elementor-social-icon elementor-social-icon-instagram elementor-repeater-item-a5c60be\" href=\"https:\/\/www.instagram.com\/keopro.tr\" target=\"_blank\">\n\t\t\t\t\t\t<span class=\"elementor-screen-only\">Instagram<\/span>\n\t\t\t\t\t\t<i class=\"fab fa-instagram\"><\/i>\t\t\t\t\t<\/a>\n\t\t\t\t<\/span>\n\t\t\t\t\t\t\t<span class=\"elementor-grid-item\">\n\t\t\t\t\t<a class=\"elementor-icon elementor-social-icon elementor-social-icon-twitter elementor-repeater-item-5f618ee\" target=\"_blank\">\n\t\t\t\t\t\t<span class=\"elementor-screen-only\">Twitter<\/span>\n\t\t\t\t\t\t<i class=\"fab fa-twitter\"><\/i>\t\t\t\t\t<\/a>\n\t\t\t\t<\/span>\n\t\t\t\t\t\t\t<span class=\"elementor-grid-item\">\n\t\t\t\t\t<a class=\"elementor-icon elementor-social-icon elementor-social-icon-youtube elementor-repeater-item-f6fe5e1\" target=\"_blank\">\n\t\t\t\t\t\t<span class=\"elementor-screen-only\">Youtube<\/span>\n\t\t\t\t\t\t<i class=\"fab fa-youtube\"><\/i>\t\t\t\t\t<\/a>\n\t\t\t\t<\/span>\n\t\t\t\t\t<\/div>\n\t\t\t\t<\/div>\n\t\t\t\t<\/div>\n\t\t\t\t<\/div>\n\t\t<div class=\"elementor-element elementor-element-cdd4d19 e-con-full e-flex e-con e-child\" data-id=\"cdd4d19\" data-element_type=\"container\" data-settings=\"{&quot;content_width&quot;:&quot;full&quot;}\">\n\t\t\t\t<div class=\"elementor-element elementor-element-76f4482 elementor-widget elementor-widget-ct_text_editor\" data-id=\"76f4482\" data-element_type=\"widget\" data-widget_type=\"ct_text_editor.default\">\n\t\t\t\t<div class=\"elementor-widget-container\">\n\t\t\t<div id=\"ct_text_editor-76f4482\" class=\"ct-text-editor\" data-wow-delay=\"ms\">\n\t<div class=\"ct-item--inner\">\n\t\t<div class=\"ct-inline-css\"  data-css=\"\t        \t\t\t\">\n\n\t    <\/div>\n\t\t<div class=\"ct-text-editor elementor-clearfix\">\n\t\t\t<h3><span style=\"color: #000000\"><strong>Keo Professional Illusione Hair Dye 100 ml<\/strong><\/span><\/h3>\t\t\n\t\t<\/div>\n\t<\/div>\n<\/div>\t\t<\/div>\n\t\t\t\t<\/div>\n\t\t\t\t<div class=\"elementor-element elementor-element-e84b761 elementor-widget elementor-widget-ct_text_editor\" data-id=\"e84b761\" data-element_type=\"widget\" data-widget_type=\"ct_text_editor.default\">\n\t\t\t\t<div class=\"elementor-widget-container\">\n\t\t\t<div id=\"ct_text_editor-e84b761\" class=\"ct-text-editor\" data-wow-delay=\"ms\">\n\t<div class=\"ct-item--inner\">\n\t\t<div class=\"ct-inline-css\"  data-css=\"\t        \t\t\t\">\n\n\t    <\/div>\n\t\t<div class=\"ct-text-editor elementor-clearfix\">\n\t\t\t<p><span style=\"color: #000000\"><strong>Descriptions<\/strong><\/span><\/p>\t\t\n\t\t<\/div>\n\t<\/div>\n<\/div>\t\t<\/div>\n\t\t\t\t<\/div>\n\t\t\t\t<div class=\"elementor-element elementor-element-ad5d2b3 elementor-widget elementor-widget-ct_text_editor\" data-id=\"ad5d2b3\" data-element_type=\"widget\" data-widget_type=\"ct_text_editor.default\">\n\t\t\t\t<div class=\"elementor-widget-container\">\n\t\t\t<div id=\"ct_text_editor-ad5d2b3\" class=\"ct-text-editor\" data-wow-delay=\"ms\">\n\t<div class=\"ct-item--inner\">\n\t\t<div class=\"ct-inline-css\"  data-css=\"\t        \t\t\t\">\n\n\t    <\/div>\n\t\t<div class=\"ct-text-editor elementor-clearfix\">\n\t\t\t<ul><li><span style=\"color: #000000\">Creates creative colors that cover perfect white.<\/span><\/li><li><span style=\"color: #000000\">It refreshes you with the striking, intense, deep and vibrant colors it creates.<\/span><\/li><li><span style=\"color: #000000\">After each coloring process, the hair becomes stronger and protected.<\/span><\/li><li><span style=\"color: #000000\">It provides moisture to the hair and gives it a silky texture.<\/span><\/li><li><span style=\"color: #000000\">It nourishes the hair and adds shine with grape seed oil.<\/span><\/li><li><span style=\"color: #000000\">It creates bright and vibrant hair colors for a long time with its 100% white covering feature.<\/span><\/li><li><span style=\"color: #000000\">The paint does not contain PPD.<\/span><\/li><li><span style=\"color: #000000\">It has a vegan formula.<\/span><\/li><li><span style=\"color: #000000\">For professional use.<\/span><\/li><\/ul>\t\t\n\t\t<\/div>\n\t<\/div>\n<\/div>\t\t<\/div>\n\t\t\t\t<\/div>\n\t\t\t\t<div class=\"elementor-element elementor-element-e47ef16 elementor-widget elementor-widget-ct_text_editor\" data-id=\"e47ef16\" data-element_type=\"widget\" data-widget_type=\"ct_text_editor.default\">\n\t\t\t\t<div class=\"elementor-widget-container\">\n\t\t\t<div id=\"ct_text_editor-e47ef16\" class=\"ct-text-editor\" data-wow-delay=\"ms\">\n\t<div class=\"ct-item--inner\">\n\t\t<div class=\"ct-inline-css\"  data-css=\"\t        \t\t\t\">\n\n\t    <\/div>\n\t\t<div class=\"ct-text-editor elementor-clearfix\">\n\t\t\t<p><span style=\"color: #000000\"><strong>Implementation<\/strong><\/span><\/p>\t\t\n\t\t<\/div>\n\t<\/div>\n<\/div>\t\t<\/div>\n\t\t\t\t<\/div>\n\t\t\t\t<div class=\"elementor-element elementor-element-52d1d58 elementor-widget elementor-widget-ct_text_editor\" data-id=\"52d1d58\" data-element_type=\"widget\" data-widget_type=\"ct_text_editor.default\">\n\t\t\t\t<div class=\"elementor-widget-container\">\n\t\t\t<div id=\"ct_text_editor-52d1d58\" class=\"ct-text-editor\" data-wow-delay=\"ms\">\n\t<div class=\"ct-item--inner\">\n\t\t<div class=\"ct-inline-css\"  data-css=\"\t        \t\t\t\">\n\n\t    <\/div>\n\t\t<div class=\"ct-text-editor elementor-clearfix\">\n\t\t\t<ul><li><span style=\"color: #000000\">The package insert included in the box should be taken into consideration when making paint mixtures and applications.<\/span><\/li><li><span style=\"color: #000000\">It is recommended to use with Keo Professional Illusione Activator.<\/span><\/li><li><span style=\"color: #000000\">In coloring processes, the mixing ratio with Oxidant is 1:1.5.<\/span><\/li><\/ul>\t\t\n\t\t<\/div>\n\t<\/div>\n<\/div>\t\t<\/div>\n\t\t\t\t<\/div>\n\t\t\t\t<\/div>\n\t\t\t\t\t<\/div>\n\t\t\t\t<\/div>\n\t\t\t\t\t\t\t<\/div>","protected":false},"excerpt":{"rendered":"<p>Hemen Sipari\u015f Ver Instagram Twitter Youtube Keo Professional Illusione Sa\u00e7 Boyas\u0131 100 ml A\u00e7\u0131klamalar M\u00fckemmel beyaz kapatan yarat\u0131c\u0131 renkler olu\u015fturur. Olu\u015fturdu\u011fu \u00e7arp\u0131c\u0131, yo\u011fun, derin ve canl\u0131 renklerle yenilenmenizi sa\u011flar. Her renklendirme i\u015flemi sonras\u0131nda sa\u00e7 teli daha da g\u00fc\u00e7lenir ve korunur. Sa\u00e7a nem y\u00fckleyerek ipeksi bir doku kazand\u0131r\u0131r. \u00dcz\u00fcm \u00e7ekirde\u011fi ya\u011f\u0131 ile sa\u00e7\u0131 besler ve parlakl\u0131k [&hellip;]<\/p>","protected":false},"author":1,"featured_media":0,"parent":0,"menu_order":0,"comment_status":"closed","ping_status":"closed","template":"","meta":{"footnotes":""},"class_list":["post-30","page","type-page","status-publish","hentry"],"_links":{"self":[{"href":"https:\/\/www.keoprotr.com\/en\/wp-json\/wp\/v2\/pages\/30","targetHints":{"allow":["GET"]}}],"collection":[{"href":"https:\/\/www.keoprotr.com\/en\/wp-json\/wp\/v2\/pages"}],"about":[{"href":"https:\/\/www.keoprotr.com\/en\/wp-json\/wp\/v2\/types\/page"}],"author":[{"embeddable":true,"href":"https:\/\/www.keoprotr.com\/en\/wp-json\/wp\/v2\/users\/1"}],"replies":[{"embeddable":true,"href":"https:\/\/www.keoprotr.com\/en\/wp-json\/wp\/v2\/comments?post=30"}],"version-history":[{"count":34,"href":"https:\/\/www.keoprotr.com\/en\/wp-json\/wp\/v2\/pages\/30\/revisions"}],"predecessor-version":[{"id":8717,"href":"https:\/\/www.keoprotr.com\/en\/wp-json\/wp\/v2\/pages\/30\/revisions\/8717"}],"wp:attachment":[{"href":"https:\/\/www.keoprotr.com\/en\/wp-json\/wp\/v2\/media?parent=30"}],"curies":[{"name":"wp","href":"https:\/\/api.w.org\/{rel}","templated":true}]}}