{"id":2900,"date":"2020-12-10T15:59:21","date_gmt":"2020-12-10T15:59:21","guid":{"rendered":"https:\/\/demo.casethemes.net\/bixol\/?page_id=2900"},"modified":"2024-04-06T10:37:13","modified_gmt":"2024-04-06T10:37:13","slug":"hakkimizda","status":"publish","type":"page","link":"https:\/\/www.keoprotr.com\/en\/hakkimizda\/","title":{"rendered":"About Us"},"content":{"rendered":"<div data-elementor-type=\"wp-page\" data-elementor-id=\"2900\" class=\"elementor elementor-2900\">\n\t\t\t\t\t\t\t<div class=\"elementor-element elementor-element-62b40204 elementor-hidden-tablet elementor-hidden-mobile e-flex e-con-boxed e-con e-parent\" data-id=\"62b40204\" data-element_type=\"container\" data-settings=\"{&quot;content_width&quot;:&quot;boxed&quot;}\" data-core-v316-plus=\"true\">\n\t\t\t\t\t<div class=\"e-con-inner\">\n\t\t\t\t<div class=\"elementor-element elementor-element-6865d9cc elementor-widget elementor-widget-image\" data-id=\"6865d9cc\" data-element_type=\"widget\" data-widget_type=\"image.default\">\n\t\t\t\t<div class=\"elementor-widget-container\">\n\t\t\t<style>\/*! elementor - v3.18.0 - 20-12-2023 *\/\n.elementor-widget-image{text-align:center}.elementor-widget-image a{display:inline-block}.elementor-widget-image a img[src$=\".svg\"]{width:48px}.elementor-widget-image img{vertical-align:middle;display:inline-block}<\/style>\t\t\t\t\t\t\t\t\t\t\t\t<img fetchpriority=\"high\" decoding=\"async\" width=\"1553\" height=\"218\" src=\"https:\/\/www.keoprotr.com\/wp-content\/uploads\/2024\/03\/warm_hairasdsadcover.png\" class=\"attachment-full size-full wp-image-7482\" alt=\"\" srcset=\"https:\/\/www.keoprotr.com\/wp-content\/uploads\/2024\/03\/warm_hairasdsadcover.png 1553w, https:\/\/www.keoprotr.com\/wp-content\/uploads\/2024\/03\/warm_hairasdsadcover-300x42.png 300w, https:\/\/www.keoprotr.com\/wp-content\/uploads\/2024\/03\/warm_hairasdsadcover-1024x144.png 1024w, https:\/\/www.keoprotr.com\/wp-content\/uploads\/2024\/03\/warm_hairasdsadcover-768x108.png 768w, https:\/\/www.keoprotr.com\/wp-content\/uploads\/2024\/03\/warm_hairasdsadcover-1536x216.png 1536w, https:\/\/www.keoprotr.com\/wp-content\/uploads\/2024\/03\/warm_hairasdsadcover-600x84.png 600w\" sizes=\"(max-width: 1553px) 100vw, 1553px\" \/>\t\t\t\t\t\t\t\t\t\t\t\t\t\t\t<\/div>\n\t\t\t\t<\/div>\n\t\t\t\t\t<\/div>\n\t\t\t\t<\/div>\n\t\t<div class=\"elementor-element elementor-element-450da1f3 elementor-hidden-desktop e-flex e-con-boxed e-con e-parent\" data-id=\"450da1f3\" data-element_type=\"container\" data-settings=\"{&quot;content_width&quot;:&quot;boxed&quot;}\" data-core-v316-plus=\"true\">\n\t\t\t\t\t<div class=\"e-con-inner\">\n\t\t\t\t<div class=\"elementor-element elementor-element-377f7551 elementor-widget elementor-widget-image\" data-id=\"377f7551\" data-element_type=\"widget\" data-widget_type=\"image.default\">\n\t\t\t\t<div class=\"elementor-widget-container\">\n\t\t\t\t\t\t\t\t\t\t\t\t\t\t\t<img fetchpriority=\"high\" decoding=\"async\" width=\"1553\" height=\"218\" src=\"https:\/\/www.keoprotr.com\/wp-content\/uploads\/2024\/03\/warm_hairasdsadcover.png\" class=\"attachment-full size-full wp-image-7482\" alt=\"\" srcset=\"https:\/\/www.keoprotr.com\/wp-content\/uploads\/2024\/03\/warm_hairasdsadcover.png 1553w, https:\/\/www.keoprotr.com\/wp-content\/uploads\/2024\/03\/warm_hairasdsadcover-300x42.png 300w, https:\/\/www.keoprotr.com\/wp-content\/uploads\/2024\/03\/warm_hairasdsadcover-1024x144.png 1024w, https:\/\/www.keoprotr.com\/wp-content\/uploads\/2024\/03\/warm_hairasdsadcover-768x108.png 768w, https:\/\/www.keoprotr.com\/wp-content\/uploads\/2024\/03\/warm_hairasdsadcover-1536x216.png 1536w, https:\/\/www.keoprotr.com\/wp-content\/uploads\/2024\/03\/warm_hairasdsadcover-600x84.png 600w\" sizes=\"(max-width: 1553px) 100vw, 1553px\" \/>\t\t\t\t\t\t\t\t\t\t\t\t\t\t\t<\/div>\n\t\t\t\t<\/div>\n\t\t\t\t\t<\/div>\n\t\t\t\t<\/div>\n\t\t<div class=\"elementor-element elementor-element-6880ba35 e-flex e-con-boxed e-con e-parent\" data-id=\"6880ba35\" data-element_type=\"container\" data-settings=\"{&quot;content_width&quot;:&quot;boxed&quot;}\" data-core-v316-plus=\"true\">\n\t\t\t\t\t<div class=\"e-con-inner\">\n\t\t<div class=\"elementor-element elementor-element-6696c1bb e-con-full e-flex e-con e-child\" data-id=\"6696c1bb\" data-element_type=\"container\" data-settings=\"{&quot;content_width&quot;:&quot;full&quot;}\">\n\t\t\t\t<div class=\"elementor-element elementor-element-f9b01c2 elementor-widget elementor-widget-image\" data-id=\"f9b01c2\" data-element_type=\"widget\" data-widget_type=\"image.default\">\n\t\t\t\t<div class=\"elementor-widget-container\">\n\t\t\t\t\t\t\t\t\t\t\t\t\t\t\t<img decoding=\"async\" src=\"https:\/\/www.keoprotr.com\/wp-content\/uploads\/elementor\/thumbs\/ssasdasda33333asd-qlfvj6di514ak5qwx89q4xty3v4n1eklut3nbtlhwk.png\" title=\"ssasdasda33333asd\" alt=\"ssasdasda33333asd\" loading=\"lazy\" \/>\t\t\t\t\t\t\t\t\t\t\t\t\t\t\t<\/div>\n\t\t\t\t<\/div>\n\t\t\t\t<\/div>\n\t\t<div class=\"elementor-element elementor-element-5588f51f e-con-full e-flex e-con e-child\" data-id=\"5588f51f\" data-element_type=\"container\" data-settings=\"{&quot;content_width&quot;:&quot;full&quot;}\">\n\t\t\t\t<div class=\"elementor-element elementor-element-2f0d8ee6 elementor-hidden-tablet elementor-hidden-mobile elementor-widget elementor-widget-ct_text_editor\" data-id=\"2f0d8ee6\" data-element_type=\"widget\" data-widget_type=\"ct_text_editor.default\">\n\t\t\t\t<div class=\"elementor-widget-container\">\n\t\t\t<div id=\"ct_text_editor-2f0d8ee6\" class=\"ct-text-editor\" data-wow-delay=\"ms\">\n\t<div class=\"ct-item--inner\">\n\t\t<div class=\"ct-inline-css\"  data-css=\"\t        \t\t\t\">\n\n\t    <\/div>\n\t\t<div class=\"ct-text-editor elementor-clearfix\">\n\t\t\t<div id=\"comp-l5ofrsxj\" class=\"KcpHeO tz5f0K comp-l5ofrsxj wixui-rich-text\" style=\"text-align: left\" data-testid=\"richTextElement\"><strong><span style=\"color: #000000\">Our Vision<\/span><\/strong><\/div><div id=\"comp-l5ofrsxr\" class=\"KcpHeO tz5f0K comp-l5ofrsxr wixui-rich-text\" data-testid=\"richTextElement\"><p class=\"font_8 wixui-rich-text__text\" style=\"text-align: left\"><span class=\"color_11 wixui-rich-text__text\" style=\"color: #000000\"><span class=\"wixui-rich-text__text\">As a team that sets out to increase the innovative diversity of professional beauty services, we aim to leave a mark in the cosmetics world. We took part in the cosmetics world as KEO PROFESSIONAL in 2022, as a brand that celebrates originality in beauty and encourages everyone to discover their unique beauty. Our innovative team, which follows technological developments in the industry, comes together every day to find a new source of inspiration. We have people with different skills such as hair artists, cosmetologists, marketing professionals and creative designers. But they all have a common goal: to provide reliable, high-quality and unique service to our customers.\u00a0<\/span><\/span><\/p><\/div>\t\t\n\t\t<\/div>\n\t<\/div>\n<\/div>\t\t<\/div>\n\t\t\t\t<\/div>\n\t\t\t\t<div class=\"elementor-element elementor-element-3c5ec335 elementor-hidden-desktop elementor-widget elementor-widget-ct_text_editor\" data-id=\"3c5ec335\" data-element_type=\"widget\" data-widget_type=\"ct_text_editor.default\">\n\t\t\t\t<div class=\"elementor-widget-container\">\n\t\t\t<div id=\"ct_text_editor-3c5ec335\" class=\"ct-text-editor\" data-wow-delay=\"ms\">\n\t<div class=\"ct-item--inner\">\n\t\t<div class=\"ct-inline-css\"  data-css=\"\t        \t\t\t\">\n\n\t    <\/div>\n\t\t<div class=\"ct-text-editor elementor-clearfix\">\n\t\t\t<div id=\"comp-l5ofrsxj\" class=\"KcpHeO tz5f0K comp-l5ofrsxj wixui-rich-text\" style=\"text-align: center\" data-testid=\"richTextElement\"><strong><span style=\"color: #000000\">Our Vision<\/span><\/strong><\/div><div id=\"comp-l5ofrsxr\" class=\"KcpHeO tz5f0K comp-l5ofrsxr wixui-rich-text\" data-testid=\"richTextElement\"><p class=\"font_8 wixui-rich-text__text\" style=\"text-align: center\"><span class=\"color_11 wixui-rich-text__text\" style=\"color: #000000\"><span class=\"wixui-rich-text__text\">As a team that sets out to increase the innovative diversity of professional beauty services, we aim to leave a mark in the cosmetics world. We took part in the cosmetics world as KEO PROFESSIONAL in 2022, as a brand that celebrates originality in beauty and encourages everyone to discover their unique beauty. Our innovative team, which follows technological developments in the industry, comes together every day to find a new source of inspiration. We have people with different skills such as hair artists, cosmetologists, marketing professionals and creative designers. But they all have a common goal: to provide reliable, high-quality and unique service to our customers.\u00a0<\/span><\/span><\/p><\/div>\t\t\n\t\t<\/div>\n\t<\/div>\n<\/div>\t\t<\/div>\n\t\t\t\t<\/div>\n\t\t\t\t<\/div>\n\t\t\t\t\t<\/div>\n\t\t\t\t<\/div>\n\t\t        <section class=\"elementor-section elementor-top-section elementor-element elementor-element-4091b6d4 elementor-section-stretched elementor-hidden-tablet elementor-hidden-mobile elementor-section-boxed elementor-section-height-default elementor-section-height-default ct-header-fixed-none\" data-id=\"4091b6d4\" data-element_type=\"section\" data-settings=\"{&quot;stretch_section&quot;:&quot;section-stretched&quot;,&quot;background_background&quot;:&quot;classic&quot;}\">\n            \n                        <div class=\"elementor-container elementor-column-gap-extended\">\n                    <div class=\"elementor-column elementor-col-100 elementor-top-column elementor-element elementor-element-47a7574d\" data-id=\"47a7574d\" data-element_type=\"column\">\n            <div class=\"elementor-widget-wrap elementor-element-populated\">\n                        \t\t<div class=\"elementor-element elementor-element-5f03a81c elementor-widget elementor-widget-image\" data-id=\"5f03a81c\" data-element_type=\"widget\" data-widget_type=\"image.default\">\n\t\t\t\t<div class=\"elementor-widget-container\">\n\t\t\t\t\t\t\t\t\t\t\t\t\t\t\t<img decoding=\"async\" width=\"858\" height=\"79\" src=\"https:\/\/www.keoprotr.com\/wp-content\/uploads\/2024\/03\/Show-your-style-with-Keo-Professional.png\" class=\"attachment-full size-full wp-image-8291\" alt=\"\" srcset=\"https:\/\/www.keoprotr.com\/wp-content\/uploads\/2024\/03\/Show-your-style-with-Keo-Professional.png 858w, https:\/\/www.keoprotr.com\/wp-content\/uploads\/2024\/03\/Show-your-style-with-Keo-Professional-300x28.png 300w, https:\/\/www.keoprotr.com\/wp-content\/uploads\/2024\/03\/Show-your-style-with-Keo-Professional-768x71.png 768w, https:\/\/www.keoprotr.com\/wp-content\/uploads\/2024\/03\/Show-your-style-with-Keo-Professional-600x55.png 600w\" sizes=\"(max-width: 858px) 100vw, 858px\" \/>\t\t\t\t\t\t\t\t\t\t\t\t\t\t\t<\/div>\n\t\t\t\t<\/div>\n\t\t            <\/div>\n        <\/div>\n                            <\/div>\n        <\/section>\n                <section class=\"elementor-section elementor-top-section elementor-element elementor-element-ac0327a elementor-section-stretched elementor-hidden-desktop elementor-section-boxed elementor-section-height-default elementor-section-height-default ct-header-fixed-none\" data-id=\"ac0327a\" data-element_type=\"section\" data-settings=\"{&quot;stretch_section&quot;:&quot;section-stretched&quot;,&quot;background_background&quot;:&quot;classic&quot;}\">\n            \n                        <div class=\"elementor-container elementor-column-gap-extended\">\n                    <div class=\"elementor-column elementor-col-100 elementor-top-column elementor-element elementor-element-61694272\" data-id=\"61694272\" data-element_type=\"column\">\n            <div class=\"elementor-widget-wrap elementor-element-populated\">\n                        \t\t<div class=\"elementor-element elementor-element-237bb51d elementor-widget elementor-widget-image\" data-id=\"237bb51d\" data-element_type=\"widget\" data-widget_type=\"image.default\">\n\t\t\t\t<div class=\"elementor-widget-container\">\n\t\t\t\t\t\t\t\t\t\t\t\t\t\t\t<img decoding=\"async\" width=\"858\" height=\"79\" src=\"https:\/\/www.keoprotr.com\/wp-content\/uploads\/2024\/03\/Show-your-style-with-Keo-Professional.png\" class=\"attachment-full size-full wp-image-8291\" alt=\"\" srcset=\"https:\/\/www.keoprotr.com\/wp-content\/uploads\/2024\/03\/Show-your-style-with-Keo-Professional.png 858w, https:\/\/www.keoprotr.com\/wp-content\/uploads\/2024\/03\/Show-your-style-with-Keo-Professional-300x28.png 300w, https:\/\/www.keoprotr.com\/wp-content\/uploads\/2024\/03\/Show-your-style-with-Keo-Professional-768x71.png 768w, https:\/\/www.keoprotr.com\/wp-content\/uploads\/2024\/03\/Show-your-style-with-Keo-Professional-600x55.png 600w\" sizes=\"(max-width: 858px) 100vw, 858px\" \/>\t\t\t\t\t\t\t\t\t\t\t\t\t\t\t<\/div>\n\t\t\t\t<\/div>\n\t\t            <\/div>\n        <\/div>\n                            <\/div>\n        <\/section>\n        <div class=\"elementor-element elementor-element-71547878 elementor-hidden-tablet elementor-hidden-mobile e-flex e-con-boxed e-con e-parent\" data-id=\"71547878\" data-element_type=\"container\" data-settings=\"{&quot;content_width&quot;:&quot;boxed&quot;}\" data-core-v316-plus=\"true\">\n\t\t\t\t\t<div class=\"e-con-inner\">\n\t\t<div class=\"elementor-element elementor-element-5a28f22c e-con-full e-flex e-con e-child\" data-id=\"5a28f22c\" data-element_type=\"container\" data-settings=\"{&quot;content_width&quot;:&quot;full&quot;}\">\n\t\t\t\t<div class=\"elementor-element elementor-element-3ebf5b66 elementor-widget elementor-widget-ct_text_editor\" data-id=\"3ebf5b66\" data-element_type=\"widget\" data-widget_type=\"ct_text_editor.default\">\n\t\t\t\t<div class=\"elementor-widget-container\">\n\t\t\t<div id=\"ct_text_editor-3ebf5b66\" class=\"ct-text-editor\" data-wow-delay=\"ms\">\n\t<div class=\"ct-item--inner\">\n\t\t<div class=\"ct-inline-css\"  data-css=\"\t        \t\t\t\">\n\n\t    <\/div>\n\t\t<div class=\"ct-text-editor elementor-clearfix\">\n\t\t\t<div id=\"comp-l5ofrsxj\" class=\"KcpHeO tz5f0K comp-l5ofrsxj wixui-rich-text\" style=\"text-align: left\" data-testid=\"richTextElement\"><span style=\"color: #000000\"><strong>Our Mission<\/strong><\/span><\/div><div id=\"comp-l5ofrsxr\" class=\"KcpHeO tz5f0K comp-l5ofrsxr wixui-rich-text\" data-testid=\"richTextElement\"><p class=\"font_8 wixui-rich-text__text\" style=\"text-align: left\"><span class=\"color_11 wixui-rich-text__text\" style=\"color: #000000\"><span class=\"wixui-rich-text__text\">We build not just cosmetic products, but also communities and digital spaces to transform the world of beauty. We are committed to listening and learning to understand our customers' needs and wants. We want to help everyone express their unique beauty with our reliable and innovative products. We are not just a cosmetics company, we are also a beauty movement. We're here to celebrate women and men who are confident, brave and authentic. We find beauty not only in external appearance, but also in the self-confidence and originality that comes from within. We are a strong team, and together we work to redefine beauty. You are also invited to join this journey.<\/span><\/span><\/p><\/div>\t\t\n\t\t<\/div>\n\t<\/div>\n<\/div>\t\t<\/div>\n\t\t\t\t<\/div>\n\t\t\t\t<\/div>\n\t\t<div class=\"elementor-element elementor-element-241151cc e-con-full e-flex e-con e-child\" data-id=\"241151cc\" data-element_type=\"container\" data-settings=\"{&quot;content_width&quot;:&quot;full&quot;}\">\n\t\t\t\t<div class=\"elementor-element elementor-element-687a4c14 elementor-widget elementor-widget-image\" data-id=\"687a4c14\" data-element_type=\"widget\" data-widget_type=\"image.default\">\n\t\t\t\t<div class=\"elementor-widget-container\">\n\t\t\t\t\t\t\t\t\t\t\t\t\t\t\t<img decoding=\"async\" width=\"581\" height=\"430\" src=\"https:\/\/www.keoprotr.com\/wp-content\/uploads\/2024\/03\/WhatsApp_Image_2024-03-06_at_00.08.46-removebg-preview.png\" class=\"attachment-large size-large wp-image-8295\" alt=\"\" srcset=\"https:\/\/www.keoprotr.com\/wp-content\/uploads\/2024\/03\/WhatsApp_Image_2024-03-06_at_00.08.46-removebg-preview.png 581w, https:\/\/www.keoprotr.com\/wp-content\/uploads\/2024\/03\/WhatsApp_Image_2024-03-06_at_00.08.46-removebg-preview-300x222.png 300w\" sizes=\"(max-width: 581px) 100vw, 581px\" \/>\t\t\t\t\t\t\t\t\t\t\t\t\t\t\t<\/div>\n\t\t\t\t<\/div>\n\t\t\t\t<\/div>\n\t\t\t\t\t<\/div>\n\t\t\t\t<\/div>\n\t\t<div class=\"elementor-element elementor-element-5f22bae9 elementor-hidden-desktop e-flex e-con-boxed e-con e-parent\" data-id=\"5f22bae9\" data-element_type=\"container\" data-settings=\"{&quot;content_width&quot;:&quot;boxed&quot;}\" data-core-v316-plus=\"true\">\n\t\t\t\t\t<div class=\"e-con-inner\">\n\t\t<div class=\"elementor-element elementor-element-22e46267 e-con-full e-flex e-con e-child\" data-id=\"22e46267\" data-element_type=\"container\" data-settings=\"{&quot;content_width&quot;:&quot;full&quot;}\">\n\t\t\t\t<div class=\"elementor-element elementor-element-5aa30b45 elementor-widget elementor-widget-image\" data-id=\"5aa30b45\" data-element_type=\"widget\" data-widget_type=\"image.default\">\n\t\t\t\t<div class=\"elementor-widget-container\">\n\t\t\t\t\t\t\t\t\t\t\t\t\t\t\t<img decoding=\"async\" width=\"581\" height=\"430\" src=\"https:\/\/www.keoprotr.com\/wp-content\/uploads\/2024\/03\/WhatsApp_Image_2024-03-06_at_00.08.46-removebg-preview.png\" class=\"attachment-large size-large wp-image-8295\" alt=\"\" srcset=\"https:\/\/www.keoprotr.com\/wp-content\/uploads\/2024\/03\/WhatsApp_Image_2024-03-06_at_00.08.46-removebg-preview.png 581w, https:\/\/www.keoprotr.com\/wp-content\/uploads\/2024\/03\/WhatsApp_Image_2024-03-06_at_00.08.46-removebg-preview-300x222.png 300w\" sizes=\"(max-width: 581px) 100vw, 581px\" \/>\t\t\t\t\t\t\t\t\t\t\t\t\t\t\t<\/div>\n\t\t\t\t<\/div>\n\t\t\t\t<\/div>\n\t\t<div class=\"elementor-element elementor-element-58005edd e-con-full e-flex e-con e-child\" data-id=\"58005edd\" data-element_type=\"container\" data-settings=\"{&quot;content_width&quot;:&quot;full&quot;}\">\n\t\t\t\t<div class=\"elementor-element elementor-element-6e38800a elementor-widget elementor-widget-ct_text_editor\" data-id=\"6e38800a\" data-element_type=\"widget\" data-widget_type=\"ct_text_editor.default\">\n\t\t\t\t<div class=\"elementor-widget-container\">\n\t\t\t<div id=\"ct_text_editor-6e38800a\" class=\"ct-text-editor\" data-wow-delay=\"ms\">\n\t<div class=\"ct-item--inner\">\n\t\t<div class=\"ct-inline-css\"  data-css=\"\t        \t\t\t\">\n\n\t    <\/div>\n\t\t<div class=\"ct-text-editor elementor-clearfix\">\n\t\t\t<div id=\"comp-l5ofrsxj\" class=\"KcpHeO tz5f0K comp-l5ofrsxj wixui-rich-text\" style=\"text-align: center\" data-testid=\"richTextElement\"><span style=\"color: #000000\"><strong>Our Mission<\/strong><\/span><\/div><div id=\"comp-l5ofrsxr\" class=\"KcpHeO tz5f0K comp-l5ofrsxr wixui-rich-text\" data-testid=\"richTextElement\"><p class=\"font_8 wixui-rich-text__text\" style=\"text-align: center\"><span class=\"color_11 wixui-rich-text__text\" style=\"color: #000000\"><span class=\"wixui-rich-text__text\">We build not just cosmetic products, but also communities and digital spaces to transform the world of beauty. We are committed to listening and learning to understand our customers' needs and wants. We want to help everyone express their unique beauty with our reliable and innovative products. We are not just a cosmetics company, we are also a beauty movement. We're here to celebrate women and men who are confident, brave and authentic. We find beauty not only in external appearance, but also in the self-confidence and originality that comes from within. We are a strong team, and together we work to redefine beauty. You are also invited to join this journey.<\/span><\/span><\/p><\/div>\t\t\n\t\t<\/div>\n\t<\/div>\n<\/div>\t\t<\/div>\n\t\t\t\t<\/div>\n\t\t\t\t<\/div>\n\t\t\t\t\t<\/div>\n\t\t\t\t<\/div>\n\t\t<div class=\"elementor-element elementor-element-4ebc3eca e-flex e-con-boxed e-con e-parent\" data-id=\"4ebc3eca\" data-element_type=\"container\" data-settings=\"{&quot;content_width&quot;:&quot;boxed&quot;}\" data-core-v316-plus=\"true\">\n\t\t\t\t\t<div class=\"e-con-inner\">\n\t\t\t\t\t<\/div>\n\t\t\t\t<\/div>\n\t\t\t\t\t\t\t<\/div>","protected":false},"excerpt":{"rendered":"<p>Vizyonumuz Profesyonel g\u00fczellik servislerinin inovatif \u00e7e\u015fitlili\u011fini artt\u0131rmak i\u00e7in yola \u00e7\u0131kan bir ekip olarak, kozmetik d\u00fcnyas\u0131nda bir iz b\u0131rakmay\u0131 hedefliyoruz. Biz, g\u00fczellikteki \u00f6zg\u00fcnl\u00fc\u011f\u00fc kutlayan ve herkesin kendine \u00f6zg\u00fc g\u00fczelli\u011fini ke\u015ffetmesini te\u015fvik eden bir marka olarak 2022 y\u0131l\u0131nda KEO PROFESSIONAL olarak kozmetik d\u00fcnyas\u0131nda yer ald\u0131k. Sekt\u00f6rdeki teknolojik geli\u015fmeleri takip eden yenilik\u00e7i ekibimiz, her g\u00fcn yeni bir ilham [&hellip;]<\/p>","protected":false},"author":1,"featured_media":0,"parent":0,"menu_order":0,"comment_status":"closed","ping_status":"closed","template":"","meta":{"footnotes":""},"class_list":["post-2900","page","type-page","status-publish","hentry"],"_links":{"self":[{"href":"https:\/\/www.keoprotr.com\/en\/wp-json\/wp\/v2\/pages\/2900","targetHints":{"allow":["GET"]}}],"collection":[{"href":"https:\/\/www.keoprotr.com\/en\/wp-json\/wp\/v2\/pages"}],"about":[{"href":"https:\/\/www.keoprotr.com\/en\/wp-json\/wp\/v2\/types\/page"}],"author":[{"embeddable":true,"href":"https:\/\/www.keoprotr.com\/en\/wp-json\/wp\/v2\/users\/1"}],"replies":[{"embeddable":true,"href":"https:\/\/www.keoprotr.com\/en\/wp-json\/wp\/v2\/comments?post=2900"}],"version-history":[{"count":22,"href":"https:\/\/www.keoprotr.com\/en\/wp-json\/wp\/v2\/pages\/2900\/revisions"}],"predecessor-version":[{"id":8548,"href":"https:\/\/www.keoprotr.com\/en\/wp-json\/wp\/v2\/pages\/2900\/revisions\/8548"}],"wp:attachment":[{"href":"https:\/\/www.keoprotr.com\/en\/wp-json\/wp\/v2\/media?parent=2900"}],"curies":[{"name":"wp","href":"https:\/\/api.w.org\/{rel}","templated":true}]}}