{"id":2893,"date":"2020-12-10T15:58:28","date_gmt":"2020-12-10T15:58:28","guid":{"rendered":"https:\/\/demo.casethemes.net\/bixol\/?page_id=2893"},"modified":"2025-08-13T07:37:06","modified_gmt":"2025-08-13T07:37:06","slug":"keo-argan","status":"publish","type":"page","link":"https:\/\/www.keoprotr.com\/en\/keo-argan\/","title":{"rendered":"Keo\u00a0Argan"},"content":{"rendered":"<div data-elementor-type=\"wp-page\" data-elementor-id=\"2893\" class=\"elementor elementor-2893\">\n\t\t\t\t\t\t\t<div class=\"elementor-element elementor-element-69732cd6 elementor-hidden-tablet elementor-hidden-mobile e-flex e-con-boxed e-con e-parent\" data-id=\"69732cd6\" data-element_type=\"container\" data-settings=\"{&quot;content_width&quot;:&quot;boxed&quot;}\" data-core-v316-plus=\"true\">\n\t\t\t\t\t<div class=\"e-con-inner\">\n\t\t<div class=\"elementor-element elementor-element-42253ead e-con-full e-flex e-con e-child\" data-id=\"42253ead\" data-element_type=\"container\" data-settings=\"{&quot;content_width&quot;:&quot;full&quot;}\">\n\t\t\t\t<div class=\"elementor-element elementor-element-8a3d8ed elementor-widget elementor-widget-image\" data-id=\"8a3d8ed\" data-element_type=\"widget\" data-widget_type=\"image.default\">\n\t\t\t\t<div class=\"elementor-widget-container\">\n\t\t\t<style>\/*! elementor - v3.18.0 - 20-12-2023 *\/\n.elementor-widget-image{text-align:center}.elementor-widget-image a{display:inline-block}.elementor-widget-image a img[src$=\".svg\"]{width:48px}.elementor-widget-image img{vertical-align:middle;display:inline-block}<\/style>\t\t\t\t\t\t\t\t\t\t\t\t\t<a href=\"https:\/\/www.keoprotr.com\/en\/keo-professional-illusione-sac-boyasi\/\">\n\t\t\t\t\t\t\t<img fetchpriority=\"high\" decoding=\"async\" width=\"2000\" height=\"946\" src=\"https:\/\/www.keoprotr.com\/wp-content\/uploads\/2024\/03\/BATU-1H.png\" class=\"attachment-full size-full wp-image-8351\" alt=\"\" srcset=\"https:\/\/www.keoprotr.com\/wp-content\/uploads\/2024\/03\/BATU-1H.png 2000w, https:\/\/www.keoprotr.com\/wp-content\/uploads\/2024\/03\/BATU-1H-300x142.png 300w, https:\/\/www.keoprotr.com\/wp-content\/uploads\/2024\/03\/BATU-1H-1024x484.png 1024w, https:\/\/www.keoprotr.com\/wp-content\/uploads\/2024\/03\/BATU-1H-768x363.png 768w, https:\/\/www.keoprotr.com\/wp-content\/uploads\/2024\/03\/BATU-1H-1536x727.png 1536w, https:\/\/www.keoprotr.com\/wp-content\/uploads\/2024\/03\/BATU-1H-600x284.png 600w\" sizes=\"(max-width: 2000px) 100vw, 2000px\" \/>\t\t\t\t\t\t\t\t<\/a>\n\t\t\t\t\t\t\t\t\t\t\t\t\t\t\t<\/div>\n\t\t\t\t<\/div>\n\t\t\t\t<\/div>\n\t\t<div class=\"elementor-element elementor-element-1228941 e-con-full e-flex e-con e-child\" data-id=\"1228941\" data-element_type=\"container\" data-settings=\"{&quot;content_width&quot;:&quot;full&quot;}\">\n\t\t\t\t<div class=\"elementor-element elementor-element-6fc73063 elementor-widget elementor-widget-image\" data-id=\"6fc73063\" data-element_type=\"widget\" data-widget_type=\"image.default\">\n\t\t\t\t<div class=\"elementor-widget-container\">\n\t\t\t\t\t\t\t\t\t\t\t\t\t\t\t\t<a href=\"https:\/\/www.keoprotr.com\/en\/keo-collagen\/\">\n\t\t\t\t\t\t\t<img decoding=\"async\" width=\"2000\" height=\"946\" src=\"https:\/\/www.keoprotr.com\/wp-content\/uploads\/2024\/03\/BATU-2G.png\" class=\"attachment-full size-full wp-image-8346\" alt=\"\" srcset=\"https:\/\/www.keoprotr.com\/wp-content\/uploads\/2024\/03\/BATU-2G.png 2000w, https:\/\/www.keoprotr.com\/wp-content\/uploads\/2024\/03\/BATU-2G-300x142.png 300w, https:\/\/www.keoprotr.com\/wp-content\/uploads\/2024\/03\/BATU-2G-1024x484.png 1024w, https:\/\/www.keoprotr.com\/wp-content\/uploads\/2024\/03\/BATU-2G-768x363.png 768w, https:\/\/www.keoprotr.com\/wp-content\/uploads\/2024\/03\/BATU-2G-1536x727.png 1536w, https:\/\/www.keoprotr.com\/wp-content\/uploads\/2024\/03\/BATU-2G-600x284.png 600w\" sizes=\"(max-width: 2000px) 100vw, 2000px\" \/>\t\t\t\t\t\t\t\t<\/a>\n\t\t\t\t\t\t\t\t\t\t\t\t\t\t\t<\/div>\n\t\t\t\t<\/div>\n\t\t\t\t<\/div>\n\t\t<div class=\"elementor-element elementor-element-55eb6142 e-con-full e-flex e-con e-child\" data-id=\"55eb6142\" data-element_type=\"container\" data-settings=\"{&quot;content_width&quot;:&quot;full&quot;}\">\n\t\t\t\t<div class=\"elementor-element elementor-element-568064aa elementor-widget elementor-widget-image\" data-id=\"568064aa\" data-element_type=\"widget\" data-widget_type=\"image.default\">\n\t\t\t\t<div class=\"elementor-widget-container\">\n\t\t\t\t\t\t\t\t\t\t\t\t\t\t\t\t<a href=\"https:\/\/www.keoprotr.com\/en\/keo-professional-decolorante-beyaz\/\">\n\t\t\t\t\t\t\t<img decoding=\"async\" width=\"2000\" height=\"946\" src=\"https:\/\/www.keoprotr.com\/wp-content\/uploads\/2024\/04\/keoustbannerracici-min.png\" class=\"attachment-full size-full wp-image-8708\" alt=\"\" srcset=\"https:\/\/www.keoprotr.com\/wp-content\/uploads\/2024\/04\/keoustbannerracici-min.png 2000w, https:\/\/www.keoprotr.com\/wp-content\/uploads\/2024\/04\/keoustbannerracici-min-300x142.png 300w, https:\/\/www.keoprotr.com\/wp-content\/uploads\/2024\/04\/keoustbannerracici-min-1024x484.png 1024w, https:\/\/www.keoprotr.com\/wp-content\/uploads\/2024\/04\/keoustbannerracici-min-768x363.png 768w, https:\/\/www.keoprotr.com\/wp-content\/uploads\/2024\/04\/keoustbannerracici-min-1536x727.png 1536w, https:\/\/www.keoprotr.com\/wp-content\/uploads\/2024\/04\/keoustbannerracici-min-18x9.png 18w, https:\/\/www.keoprotr.com\/wp-content\/uploads\/2024\/04\/keoustbannerracici-min-600x284.png 600w\" sizes=\"(max-width: 2000px) 100vw, 2000px\" \/>\t\t\t\t\t\t\t\t<\/a>\n\t\t\t\t\t\t\t\t\t\t\t\t\t\t\t<\/div>\n\t\t\t\t<\/div>\n\t\t\t\t<\/div>\n\t\t<div class=\"elementor-element elementor-element-5768a2a2 e-con-full e-flex e-con e-child\" data-id=\"5768a2a2\" data-element_type=\"container\" data-settings=\"{&quot;content_width&quot;:&quot;full&quot;}\">\n\t\t\t\t<div class=\"elementor-element elementor-element-120e56d0 elementor-widget elementor-widget-image\" data-id=\"120e56d0\" data-element_type=\"widget\" data-widget_type=\"image.default\">\n\t\t\t\t<div class=\"elementor-widget-container\">\n\t\t\t\t\t\t\t\t\t\t\t\t\t\t\t\t<a href=\"https:\/\/www.keoprotr.com\/en\/elements\/keo-argan\/\">\n\t\t\t\t\t\t\t<img loading=\"lazy\" decoding=\"async\" width=\"2000\" height=\"946\" src=\"https:\/\/www.keoprotr.com\/wp-content\/uploads\/2024\/03\/BATU-4H.png\" class=\"attachment-full size-full wp-image-8345\" alt=\"\" srcset=\"https:\/\/www.keoprotr.com\/wp-content\/uploads\/2024\/03\/BATU-4H.png 2000w, https:\/\/www.keoprotr.com\/wp-content\/uploads\/2024\/03\/BATU-4H-300x142.png 300w, https:\/\/www.keoprotr.com\/wp-content\/uploads\/2024\/03\/BATU-4H-1024x484.png 1024w, https:\/\/www.keoprotr.com\/wp-content\/uploads\/2024\/03\/BATU-4H-768x363.png 768w, https:\/\/www.keoprotr.com\/wp-content\/uploads\/2024\/03\/BATU-4H-1536x727.png 1536w, https:\/\/www.keoprotr.com\/wp-content\/uploads\/2024\/03\/BATU-4H-600x284.png 600w\" sizes=\"(max-width: 2000px) 100vw, 2000px\" \/>\t\t\t\t\t\t\t\t<\/a>\n\t\t\t\t\t\t\t\t\t\t\t\t\t\t\t<\/div>\n\t\t\t\t<\/div>\n\t\t\t\t<\/div>\n\t\t\t\t\t<\/div>\n\t\t\t\t<\/div>\n\t\t<div class=\"elementor-element elementor-element-273ae193 e-flex e-con-boxed e-con e-parent\" data-id=\"273ae193\" data-element_type=\"container\" data-settings=\"{&quot;content_width&quot;:&quot;boxed&quot;}\" data-core-v316-plus=\"true\">\n\t\t\t\t\t<div class=\"e-con-inner\">\n\t\t\t\t<div class=\"elementor-element elementor-element-2d38459c elementor-hidden-desktop elementor-widget elementor-widget-image\" data-id=\"2d38459c\" data-element_type=\"widget\" data-widget_type=\"image.default\">\n\t\t\t\t<div class=\"elementor-widget-container\">\n\t\t\t\t\t\t\t\t\t\t\t\t\t\t\t<img loading=\"lazy\" decoding=\"async\" width=\"2016\" height=\"351\" src=\"https:\/\/www.keoprotr.com\/wp-content\/uploads\/2024\/03\/yeni-mobillll.png\" class=\"attachment-full size-full wp-image-8389\" alt=\"\" srcset=\"https:\/\/www.keoprotr.com\/wp-content\/uploads\/2024\/03\/yeni-mobillll.png 2016w, https:\/\/www.keoprotr.com\/wp-content\/uploads\/2024\/03\/yeni-mobillll-300x52.png 300w, https:\/\/www.keoprotr.com\/wp-content\/uploads\/2024\/03\/yeni-mobillll-1024x178.png 1024w, https:\/\/www.keoprotr.com\/wp-content\/uploads\/2024\/03\/yeni-mobillll-768x134.png 768w, https:\/\/www.keoprotr.com\/wp-content\/uploads\/2024\/03\/yeni-mobillll-1536x267.png 1536w, https:\/\/www.keoprotr.com\/wp-content\/uploads\/2024\/03\/yeni-mobillll-600x104.png 600w\" sizes=\"(max-width: 2016px) 100vw, 2016px\" \/>\t\t\t\t\t\t\t\t\t\t\t\t\t\t\t<\/div>\n\t\t\t\t<\/div>\n\t\t\t\t\t<\/div>\n\t\t\t\t<\/div>\n\t\t<div class=\"elementor-element elementor-element-49d404ee e-flex e-con-boxed e-con e-parent\" data-id=\"49d404ee\" data-element_type=\"container\" data-settings=\"{&quot;content_width&quot;:&quot;boxed&quot;}\" data-core-v316-plus=\"true\">\n\t\t\t\t\t<div class=\"e-con-inner\">\n\t\t<div class=\"elementor-element elementor-element-30e349fd e-con-full e-flex e-con e-child\" data-id=\"30e349fd\" data-element_type=\"container\" data-settings=\"{&quot;content_width&quot;:&quot;full&quot;}\">\n\t\t\t\t<div class=\"elementor-element elementor-element-45c763a8 elementor-widget elementor-widget-image\" data-id=\"45c763a8\" data-element_type=\"widget\" data-widget_type=\"image.default\">\n\t\t\t\t<div class=\"elementor-widget-container\">\n\t\t\t\t\t\t\t\t\t\t\t\t\t\t\t<img loading=\"lazy\" decoding=\"async\" width=\"232\" height=\"382\" src=\"https:\/\/www.keoprotr.com\/wp-content\/uploads\/2025\/08\/Keo-Professional-Olio.png\" class=\"attachment-large size-large wp-image-8801\" alt=\"\" srcset=\"https:\/\/www.keoprotr.com\/wp-content\/uploads\/2025\/08\/Keo-Professional-Olio.png 232w, https:\/\/www.keoprotr.com\/wp-content\/uploads\/2025\/08\/Keo-Professional-Olio-182x300.png 182w, https:\/\/www.keoprotr.com\/wp-content\/uploads\/2025\/08\/Keo-Professional-Olio-7x12.png 7w\" sizes=\"(max-width: 232px) 100vw, 232px\" \/>\t\t\t\t\t\t\t\t\t\t\t\t\t\t\t<\/div>\n\t\t\t\t<\/div>\n\t\t\t\t<div class=\"elementor-element elementor-element-7e5ad55e elementor-align-center elementor-widget elementor-widget-ct_button\" data-id=\"7e5ad55e\" data-element_type=\"widget\" data-widget_type=\"ct_button.default\">\n\t\t\t\t<div class=\"elementor-widget-container\">\n\t\t\t<div id=\"ct_button-7e5ad55e\" class=\"ct-button-wrapper ct-button-layout1\">\n    <div class=\"ct-inline-css\"  data-css=\"        \">\n    <\/div>\n            <span class=\"ct-icon-active\"><\/span>\n        <a href=\"https:\/\/api.whatsapp.com\/send\/?phone=905386798989&amp;text&amp;type=phone_number&amp;app_absent=0\" class=\"btn   btn-default  icon-ps-\" data-wow-delay=\"ms\">\n                            <span class=\"ct-button-icon ct-align-icon-\">\n                            <\/span>\n                <span class=\"ct-button-text\">\n                        Order Now        <\/span>\n    <\/a>\n<\/div>\t\t<\/div>\n\t\t\t\t<\/div>\n\t\t\t\t<div class=\"elementor-element elementor-element-5b33ed5f elementor-shape-rounded elementor-grid-0 e-grid-align-center elementor-widget elementor-widget-social-icons\" data-id=\"5b33ed5f\" data-element_type=\"widget\" data-widget_type=\"social-icons.default\">\n\t\t\t\t<div class=\"elementor-widget-container\">\n\t\t\t<style>\/*! elementor - v3.18.0 - 20-12-2023 *\/\n.elementor-widget-social-icons.elementor-grid-0 .elementor-widget-container,.elementor-widget-social-icons.elementor-grid-mobile-0 .elementor-widget-container,.elementor-widget-social-icons.elementor-grid-tablet-0 .elementor-widget-container{line-height:1;font-size:0}.elementor-widget-social-icons:not(.elementor-grid-0):not(.elementor-grid-tablet-0):not(.elementor-grid-mobile-0) .elementor-grid{display:inline-grid}.elementor-widget-social-icons .elementor-grid{grid-column-gap:var(--grid-column-gap,5px);grid-row-gap:var(--grid-row-gap,5px);grid-template-columns:var(--grid-template-columns);justify-content:var(--justify-content,center);justify-items:var(--justify-content,center)}.elementor-icon.elementor-social-icon{font-size:var(--icon-size,25px);line-height:var(--icon-size,25px);width:calc(var(--icon-size, 25px) + 2 * var(--icon-padding, .5em));height:calc(var(--icon-size, 25px) + 2 * var(--icon-padding, .5em))}.elementor-social-icon{--e-social-icon-icon-color:#fff;display:inline-flex;background-color:#69727d;align-items:center;justify-content:center;text-align:center;cursor:pointer}.elementor-social-icon i{color:var(--e-social-icon-icon-color)}.elementor-social-icon svg{fill:var(--e-social-icon-icon-color)}.elementor-social-icon:last-child{margin:0}.elementor-social-icon:hover{opacity:.9;color:#fff}.elementor-social-icon-android{background-color:#a4c639}.elementor-social-icon-apple{background-color:#999}.elementor-social-icon-behance{background-color:#1769ff}.elementor-social-icon-bitbucket{background-color:#205081}.elementor-social-icon-codepen{background-color:#000}.elementor-social-icon-delicious{background-color:#39f}.elementor-social-icon-deviantart{background-color:#05cc47}.elementor-social-icon-digg{background-color:#005be2}.elementor-social-icon-dribbble{background-color:#ea4c89}.elementor-social-icon-elementor{background-color:#d30c5c}.elementor-social-icon-envelope{background-color:#ea4335}.elementor-social-icon-facebook,.elementor-social-icon-facebook-f{background-color:#3b5998}.elementor-social-icon-flickr{background-color:#0063dc}.elementor-social-icon-foursquare{background-color:#2d5be3}.elementor-social-icon-free-code-camp,.elementor-social-icon-freecodecamp{background-color:#006400}.elementor-social-icon-github{background-color:#333}.elementor-social-icon-gitlab{background-color:#e24329}.elementor-social-icon-globe{background-color:#69727d}.elementor-social-icon-google-plus,.elementor-social-icon-google-plus-g{background-color:#dd4b39}.elementor-social-icon-houzz{background-color:#7ac142}.elementor-social-icon-instagram{background-color:#262626}.elementor-social-icon-jsfiddle{background-color:#487aa2}.elementor-social-icon-link{background-color:#818a91}.elementor-social-icon-linkedin,.elementor-social-icon-linkedin-in{background-color:#0077b5}.elementor-social-icon-medium{background-color:#00ab6b}.elementor-social-icon-meetup{background-color:#ec1c40}.elementor-social-icon-mixcloud{background-color:#273a4b}.elementor-social-icon-odnoklassniki{background-color:#f4731c}.elementor-social-icon-pinterest{background-color:#bd081c}.elementor-social-icon-product-hunt{background-color:#da552f}.elementor-social-icon-reddit{background-color:#ff4500}.elementor-social-icon-rss{background-color:#f26522}.elementor-social-icon-shopping-cart{background-color:#4caf50}.elementor-social-icon-skype{background-color:#00aff0}.elementor-social-icon-slideshare{background-color:#0077b5}.elementor-social-icon-snapchat{background-color:#fffc00}.elementor-social-icon-soundcloud{background-color:#f80}.elementor-social-icon-spotify{background-color:#2ebd59}.elementor-social-icon-stack-overflow{background-color:#fe7a15}.elementor-social-icon-steam{background-color:#00adee}.elementor-social-icon-stumbleupon{background-color:#eb4924}.elementor-social-icon-telegram{background-color:#2ca5e0}.elementor-social-icon-thumb-tack{background-color:#1aa1d8}.elementor-social-icon-tripadvisor{background-color:#589442}.elementor-social-icon-tumblr{background-color:#35465c}.elementor-social-icon-twitch{background-color:#6441a5}.elementor-social-icon-twitter{background-color:#1da1f2}.elementor-social-icon-viber{background-color:#665cac}.elementor-social-icon-vimeo{background-color:#1ab7ea}.elementor-social-icon-vk{background-color:#45668e}.elementor-social-icon-weibo{background-color:#dd2430}.elementor-social-icon-weixin{background-color:#31a918}.elementor-social-icon-whatsapp{background-color:#25d366}.elementor-social-icon-wordpress{background-color:#21759b}.elementor-social-icon-xing{background-color:#026466}.elementor-social-icon-yelp{background-color:#af0606}.elementor-social-icon-youtube{background-color:#cd201f}.elementor-social-icon-500px{background-color:#0099e5}.elementor-shape-rounded .elementor-icon.elementor-social-icon{border-radius:10%}.elementor-shape-circle .elementor-icon.elementor-social-icon{border-radius:50%}<\/style>\t\t<div class=\"elementor-social-icons-wrapper elementor-grid\">\n\t\t\t\t\t\t\t<span class=\"elementor-grid-item\">\n\t\t\t\t\t<a class=\"elementor-icon elementor-social-icon elementor-social-icon-instagram elementor-repeater-item-a5c60be\" href=\"https:\/\/www.instagram.com\/keopro.tr\" target=\"_blank\">\n\t\t\t\t\t\t<span class=\"elementor-screen-only\">Instagram<\/span>\n\t\t\t\t\t\t<i class=\"fab fa-instagram\"><\/i>\t\t\t\t\t<\/a>\n\t\t\t\t<\/span>\n\t\t\t\t\t\t\t<span class=\"elementor-grid-item\">\n\t\t\t\t\t<a class=\"elementor-icon elementor-social-icon elementor-social-icon-twitter elementor-repeater-item-5f618ee\" target=\"_blank\">\n\t\t\t\t\t\t<span class=\"elementor-screen-only\">Twitter<\/span>\n\t\t\t\t\t\t<i class=\"fab fa-twitter\"><\/i>\t\t\t\t\t<\/a>\n\t\t\t\t<\/span>\n\t\t\t\t\t\t\t<span class=\"elementor-grid-item\">\n\t\t\t\t\t<a class=\"elementor-icon elementor-social-icon elementor-social-icon-youtube elementor-repeater-item-f6fe5e1\" target=\"_blank\">\n\t\t\t\t\t\t<span class=\"elementor-screen-only\">Youtube<\/span>\n\t\t\t\t\t\t<i class=\"fab fa-youtube\"><\/i>\t\t\t\t\t<\/a>\n\t\t\t\t<\/span>\n\t\t\t\t\t<\/div>\n\t\t\t\t<\/div>\n\t\t\t\t<\/div>\n\t\t\t\t<\/div>\n\t\t<div class=\"elementor-element elementor-element-75801d28 e-con-full e-flex e-con e-child\" data-id=\"75801d28\" data-element_type=\"container\" data-settings=\"{&quot;content_width&quot;:&quot;full&quot;}\">\n\t\t\t\t<div class=\"elementor-element elementor-element-294ad9d elementor-widget elementor-widget-ct_text_editor\" data-id=\"294ad9d\" data-element_type=\"widget\" data-widget_type=\"ct_text_editor.default\">\n\t\t\t\t<div class=\"elementor-widget-container\">\n\t\t\t<div id=\"ct_text_editor-294ad9d\" class=\"ct-text-editor\" data-wow-delay=\"ms\">\n\t<div class=\"ct-item--inner\">\n\t\t<div class=\"ct-inline-css\"  data-css=\"\t        \t\t\t\">\n\n\t    <\/div>\n\t\t<div class=\"ct-text-editor elementor-clearfix\">\n\t\t\t<h3>Keo Professional Olio Di Cristalli 50 ml<\/h3>\t\t\n\t\t<\/div>\n\t<\/div>\n<\/div>\t\t<\/div>\n\t\t\t\t<\/div>\n\t\t\t\t<div class=\"elementor-element elementor-element-199b9e4d elementor-widget elementor-widget-ct_text_editor\" data-id=\"199b9e4d\" data-element_type=\"widget\" data-widget_type=\"ct_text_editor.default\">\n\t\t\t\t<div class=\"elementor-widget-container\">\n\t\t\t<div id=\"ct_text_editor-199b9e4d\" class=\"ct-text-editor\" data-wow-delay=\"ms\">\n\t<div class=\"ct-item--inner\">\n\t\t<div class=\"ct-inline-css\"  data-css=\"\t        \t\t\t\">\n\n\t    <\/div>\n\t\t<div class=\"ct-text-editor elementor-clearfix\">\n\t\t\t<p><span style=\"color: #000000\"><strong>Descriptions<\/strong><\/span><\/p>\t\t\n\t\t<\/div>\n\t<\/div>\n<\/div>\t\t<\/div>\n\t\t\t\t<\/div>\n\t\t\t\t<div class=\"elementor-element elementor-element-6a2b2a02 elementor-widget elementor-widget-ct_text_editor\" data-id=\"6a2b2a02\" data-element_type=\"widget\" data-widget_type=\"ct_text_editor.default\">\n\t\t\t\t<div class=\"elementor-widget-container\">\n\t\t\t<div id=\"ct_text_editor-6a2b2a02\" class=\"ct-text-editor\" data-wow-delay=\"ms\">\n\t<div class=\"ct-item--inner\">\n\t\t<div class=\"ct-inline-css\"  data-css=\"\t        \t\t\t\">\n\n\t    <\/div>\n\t\t<div class=\"ct-text-editor elementor-clearfix\">\n\t\t\t<ul><li><span style=\"color: #000000\">It penetrates into the hair strands without leaving them greasy and heavy, improves combability, eliminates frizz and polishes the ends.<\/span><\/li><li><span style=\"color: #000000\">Its formula enriched with argan and jojoba oil moisturizes the hair.<\/span><\/li><li><span style=\"color: #000000\">It prevents frizz and frizz, making the hair smoother and more controllable.<\/span><\/li><li><span style=\"color: #000000\">It provides a silky texture without weighing down even the thinnest hair.<\/span><\/li><\/ul>\t\t\n\t\t<\/div>\n\t<\/div>\n<\/div>\t\t<\/div>\n\t\t\t\t<\/div>\n\t\t\t\t<div class=\"elementor-element elementor-element-663a257c elementor-widget elementor-widget-ct_text_editor\" data-id=\"663a257c\" data-element_type=\"widget\" data-widget_type=\"ct_text_editor.default\">\n\t\t\t\t<div class=\"elementor-widget-container\">\n\t\t\t<div id=\"ct_text_editor-663a257c\" class=\"ct-text-editor\" data-wow-delay=\"ms\">\n\t<div class=\"ct-item--inner\">\n\t\t<div class=\"ct-inline-css\"  data-css=\"\t        \t\t\t\">\n\n\t    <\/div>\n\t\t<div class=\"ct-text-editor elementor-clearfix\">\n\t\t\t<p><span style=\"color: #000000\"><strong>Implementation<\/strong><\/span><\/p>\t\t\n\t\t<\/div>\n\t<\/div>\n<\/div>\t\t<\/div>\n\t\t\t\t<\/div>\n\t\t\t\t<div class=\"elementor-element elementor-element-6b55866c elementor-widget elementor-widget-ct_text_editor\" data-id=\"6b55866c\" data-element_type=\"widget\" data-widget_type=\"ct_text_editor.default\">\n\t\t\t\t<div class=\"elementor-widget-container\">\n\t\t\t<div id=\"ct_text_editor-6b55866c\" class=\"ct-text-editor\" data-wow-delay=\"ms\">\n\t<div class=\"ct-item--inner\">\n\t\t<div class=\"ct-inline-css\"  data-css=\"\t        \t\t\t\">\n\n\t    <\/div>\n\t\t<div class=\"ct-text-editor elementor-clearfix\">\n\t\t\t<ul><li><span style=\"color: #000000\">Apply to damp or dry hair.<\/span><\/li><li><span style=\"color: #000000\">Apply to entire hair by massaging with fingertips.<\/span><\/li><li><span style=\"color: #000000\">Blow dry and continue styling.<\/span><\/li><\/ul>\t\t\n\t\t<\/div>\n\t<\/div>\n<\/div>\t\t<\/div>\n\t\t\t\t<\/div>\n\t\t\t\t<\/div>\n\t\t\t\t\t<\/div>\n\t\t\t\t<\/div>\n\t\t\t\t\t\t\t<\/div>","protected":false},"excerpt":{"rendered":"<p>Hemen Sipari\u015f Ver Instagram Twitter Youtube Keo Professional Olio Di Cristalli 50 ml A\u00e7\u0131klamalar Sa\u00e7 tellerine ya\u011fl\u0131 ve a\u011f\u0131r b\u0131rakmadan n\u00fcfuz eder, taranabilirli\u011fi art\u0131r\u0131r, elektriklenmeyi ortadan kald\u0131r\u0131r ve u\u00e7lar\u0131 parlat\u0131r. Argan ve jojoba ya\u011f\u0131 ile zenginle\u015ftirilmi\u015f form\u00fcl\u00fc sa\u00e7lar\u0131 nemlendirir. Elektriklenmeyi ve kabarmay\u0131 \u00f6nleyerek sa\u00e7lar\u0131n daha p\u00fcr\u00fczs\u00fcz ve kontrol edilebilir olmas\u0131n\u0131 sa\u011flar. En ince telli sa\u00e7larda [&hellip;]<\/p>","protected":false},"author":1,"featured_media":0,"parent":0,"menu_order":0,"comment_status":"closed","ping_status":"closed","template":"","meta":{"footnotes":""},"class_list":["post-2893","page","type-page","status-publish","hentry"],"_links":{"self":[{"href":"https:\/\/www.keoprotr.com\/en\/wp-json\/wp\/v2\/pages\/2893","targetHints":{"allow":["GET"]}}],"collection":[{"href":"https:\/\/www.keoprotr.com\/en\/wp-json\/wp\/v2\/pages"}],"about":[{"href":"https:\/\/www.keoprotr.com\/en\/wp-json\/wp\/v2\/types\/page"}],"author":[{"embeddable":true,"href":"https:\/\/www.keoprotr.com\/en\/wp-json\/wp\/v2\/users\/1"}],"replies":[{"embeddable":true,"href":"https:\/\/www.keoprotr.com\/en\/wp-json\/wp\/v2\/comments?post=2893"}],"version-history":[{"count":16,"href":"https:\/\/www.keoprotr.com\/en\/wp-json\/wp\/v2\/pages\/2893\/revisions"}],"predecessor-version":[{"id":8804,"href":"https:\/\/www.keoprotr.com\/en\/wp-json\/wp\/v2\/pages\/2893\/revisions\/8804"}],"wp:attachment":[{"href":"https:\/\/www.keoprotr.com\/en\/wp-json\/wp\/v2\/media?parent=2893"}],"curies":[{"name":"wp","href":"https:\/\/api.w.org\/{rel}","templated":true}]}}