{"id":190,"date":"2020-09-01T10:21:38","date_gmt":"2020-09-01T10:21:38","guid":{"rendered":"https:\/\/demo.casethemes.net\/bixol\/?page_id=190"},"modified":"2024-03-12T12:02:11","modified_gmt":"2024-03-12T12:02:11","slug":"keoblog","status":"publish","type":"page","link":"https:\/\/www.keoprotr.com\/en\/keoblog\/","title":{"rendered":"Blog"},"content":{"rendered":"<div data-elementor-type=\"wp-page\" data-elementor-id=\"190\" class=\"elementor elementor-190\">\n\t\t\t\t\t\t\t        <section class=\"elementor-section elementor-top-section elementor-element elementor-element-60ba7dd0 elementor-section-boxed elementor-section-height-default elementor-section-height-default ct-header-fixed-none\" data-id=\"60ba7dd0\" data-element_type=\"section\">\n            \n                        <div class=\"elementor-container elementor-column-gap-extended\">\n                    <div class=\"elementor-column elementor-col-100 elementor-top-column elementor-element elementor-element-37ba6995\" data-id=\"37ba6995\" data-element_type=\"column\">\n            <div class=\"elementor-widget-wrap elementor-element-populated\">\n                                <section class=\"elementor-section elementor-inner-section elementor-element elementor-element-506c8233 elementor-section-content-middle elementor-hidden-tablet elementor-hidden-mobile elementor-section-boxed elementor-section-height-default elementor-section-height-default ct-header-fixed-none\" data-id=\"506c8233\" data-element_type=\"section\">\n            \n                        <div class=\"elementor-container elementor-column-gap-extended\">\n                    <div class=\"elementor-column elementor-col-50 elementor-inner-column elementor-element elementor-element-2fec7bb\" data-id=\"2fec7bb\" data-element_type=\"column\">\n            <div class=\"elementor-widget-wrap elementor-element-populated\">\n                        \t\t<div class=\"elementor-element elementor-element-33191b7a elementor-widget elementor-widget-ct_heading\" data-id=\"33191b7a\" data-element_type=\"widget\" data-widget_type=\"ct_heading.default\">\n\t\t\t\t<div class=\"elementor-widget-container\">\n\t\t\t<div id=\"ct_heading-33191b7a\" class=\"ct-heading h-align- ct-heading-left item-st-default\">\n\t<div class=\"ct-heading--inner\">\n        <div class=\"ct-inline-css\"  data-css=\"            \">\n        <\/div>\n            \t\t<div class=\"item--sub-title st-default\" data-wow-delay=\"ms\">\n                <div class=\"item--sub-title-inner\">\n                                            <div class=\"icon-sub-title\">\n                            <svg version=\"1.0\" xmlns=\"http:\/\/www.w3.org\/2000\/svg\" viewbox=\"0 0 382.000000 382.000000\" preserveaspectratio=\"xMidYMid meet\">\n                                <defs>\n                                    <lineargradient id=\"sub-icon1\" x1=\"0%\" y1=\"0%\" x2=\"0%\" y2=\"100%\">\n                                          <stop offset=\"0%\" style=\"stop-color:#000000;stop-opacity:1\" \/>\n                                          <stop offset=\"100%\" style=\"stop-color:#000000;stop-opacity:1\" \/>\n                                    <\/lineargradient>\n                                  <\/defs>\n                                <g fill=\"url(#sub-icon1)\" transform=\"translate(0.000000,382.000000) scale(0.100000,-0.100000)\" stroke=\"none\"><path d=\"M1856 3797 c-20 -20 -23 -36 -29 -142 -50 -901 -761 -1612 -1662 -1662 -106 -6 -122 -9 -142 -29 -30 -30 -30 -78 0 -108 20 -20 36 -23 142 -29 901 -50 1612 -761 1662 -1662 6 -106 9 -122 29 -142 30 -30 78 -30 108 0 20 20 23 36 29 142 50 901 761 1612 1662 1662 106 6 122 9 142 29 30 30 30 78 0 108 -20 20 -36 23 -142 29 -901 50 -1612 761 -1662 1662 -6 106 -9 122 -29 142 -14 14 -35 23 -54 23 -19 0 -40 -9 -54 -23z\"\/><\/g>\n                            <\/svg>\n                            <svg version=\"1.0\" xmlns=\"http:\/\/www.w3.org\/2000\/svg\" viewbox=\"0 0 382.000000 382.000000\" preserveaspectratio=\"xMidYMid meet\">\n                                <defs>\n                                    <lineargradient id=\"sub-icon2\" x1=\"0%\" y1=\"0%\" x2=\"0%\" y2=\"100%\">\n                                          <stop offset=\"0%\" style=\"stop-color:#000000;stop-opacity:1\" \/>\n                                          <stop offset=\"100%\" style=\"stop-color:#000000;stop-opacity:1\" \/>\n                                    <\/lineargradient>\n                                  <\/defs>\n                                <g fill=\"url(#sub-icon2)\" transform=\"translate(0.000000,382.000000) scale(0.100000,-0.100000)\" stroke=\"none\"><path d=\"M1856 3797 c-20 -20 -23 -36 -29 -142 -50 -901 -761 -1612 -1662 -1662 -106 -6 -122 -9 -142 -29 -30 -30 -30 -78 0 -108 20 -20 36 -23 142 -29 901 -50 1612 -761 1662 -1662 6 -106 9 -122 29 -142 30 -30 78 -30 108 0 20 20 23 36 29 142 50 901 761 1612 1662 1662 106 6 122 9 142 29 30 30 30 78 0 108 -20 20 -36 23 -142 29 -901 50 -1612 761 -1662 1662 -6 106 -9 122 -29 142 -14 14 -35 23 -54 23 -19 0 -40 -9 -54 -23z\"\/><\/g>\n                            <\/svg>\n                            <svg version=\"1.0\" xmlns=\"http:\/\/www.w3.org\/2000\/svg\" viewbox=\"0 0 382.000000 382.000000\" preserveaspectratio=\"xMidYMid meet\">\n                                <defs>\n                                    <lineargradient id=\"sub-icon3\" x1=\"0%\" y1=\"0%\" x2=\"0%\" y2=\"100%\">\n                                          <stop offset=\"0%\" style=\"stop-color:#000000;stop-opacity:1\" \/>\n                                          <stop offset=\"100%\" style=\"stop-color:#000000;stop-opacity:1\" \/>\n                                    <\/lineargradient>\n                                  <\/defs>\n                                <g fill=\"url(#sub-icon3)\" transform=\"translate(0.000000,382.000000) scale(0.100000,-0.100000)\" stroke=\"none\"><path d=\"M1856 3797 c-20 -20 -23 -36 -29 -142 -50 -901 -761 -1612 -1662 -1662 -106 -6 -122 -9 -142 -29 -30 -30 -30 -78 0 -108 20 -20 36 -23 142 -29 901 -50 1612 -761 1662 -1662 6 -106 9 -122 29 -142 30 -30 78 -30 108 0 20 20 23 36 29 142 50 901 761 1612 1662 1662 106 6 122 9 142 29 30 30 30 78 0 108 -20 20 -36 23 -142 29 -901 50 -1612 761 -1662 1662 -6 106 -9 122 -29 142 -14 14 -35 23 -54 23 -19 0 -40 -9 -54 -23z\"\/><\/g>\n                            <\/svg>\n                        <\/div>\n                                        Useful Information Blog                <\/div>\n            <\/div>\n    \t        <h3 class=\"item--title  st-default\" data-wow-delay=\"ms\">\n            <span class=\"ct-text-inner\">Our experiences <small>learn from our blog posts<\/small><\/span>        <\/h3>\n    <\/div>\n<\/div>\t\t<\/div>\n\t\t\t\t<\/div>\n\t\t            <\/div>\n        <\/div>\n                <div class=\"elementor-column elementor-col-50 elementor-inner-column elementor-element elementor-element-4f009a41\" data-id=\"4f009a41\" data-element_type=\"column\">\n            <div class=\"elementor-widget-wrap elementor-element-populated\">\n                        \t\t<div class=\"elementor-element elementor-element-a4cb1a7 elementor-widget elementor-widget-ct_text_editor\" data-id=\"a4cb1a7\" data-element_type=\"widget\" data-widget_type=\"ct_text_editor.default\">\n\t\t\t\t<div class=\"elementor-widget-container\">\n\t\t\t<div id=\"ct_text_editor-a4cb1a7\" class=\"ct-text-editor\" data-wow-delay=\"ms\">\n\t<div class=\"ct-item--inner\">\n\t\t<div class=\"ct-inline-css\"  data-css=\"\t        \t\t\t\">\n\n\t    <\/div>\n\t\t<div class=\"ct-text-editor elementor-clearfix\">\n\t\t\t<p><span style=\"color: #000000\">The health and beauty of your hair is important to us. Welcome, we meet at our hair care expert blog! Here you will find the information you need to always protect and care for your hair in the best possible way. <\/span><span style=\"color: #000000\">We look forward to seeing you on our blog.<\/span><\/p>\t\t\n\t\t<\/div>\n\t<\/div>\n<\/div>\t\t<\/div>\n\t\t\t\t<\/div>\n\t\t            <\/div>\n        <\/div>\n                            <\/div>\n        <\/section>\n                <section class=\"elementor-section elementor-inner-section elementor-element elementor-element-12978e3 elementor-section-content-middle elementor-hidden-desktop elementor-section-boxed elementor-section-height-default elementor-section-height-default ct-header-fixed-none\" data-id=\"12978e3\" data-element_type=\"section\">\n            \n                        <div class=\"elementor-container elementor-column-gap-extended\">\n                    <div class=\"elementor-column elementor-col-50 elementor-inner-column elementor-element elementor-element-a27a5bc\" data-id=\"a27a5bc\" data-element_type=\"column\">\n            <div class=\"elementor-widget-wrap elementor-element-populated\">\n                        \t\t<div class=\"elementor-element elementor-element-c9e118f elementor-widget elementor-widget-ct_heading\" data-id=\"c9e118f\" data-element_type=\"widget\" data-widget_type=\"ct_heading.default\">\n\t\t\t\t<div class=\"elementor-widget-container\">\n\t\t\t<div id=\"ct_heading-c9e118f\" class=\"ct-heading h-align-center ct-heading-left item-st-default\">\n\t<div class=\"ct-heading--inner\">\n        <div class=\"ct-inline-css\"  data-css=\"            \">\n        <\/div>\n            \t\t<div class=\"item--sub-title st-primary-color\" data-wow-delay=\"ms\">\n                <div class=\"item--sub-title-inner\">\n                                        Useful Information Blog                <\/div>\n            <\/div>\n    \t        <h3 class=\"item--title  st-default\" data-wow-delay=\"ms\">\n            <span class=\"ct-text-inner\">Our experiences <small>learn from our blog posts<\/small><\/span>        <\/h3>\n    <\/div>\n<\/div>\t\t<\/div>\n\t\t\t\t<\/div>\n\t\t            <\/div>\n        <\/div>\n                <div class=\"elementor-column elementor-col-50 elementor-inner-column elementor-element elementor-element-7ed05c2\" data-id=\"7ed05c2\" data-element_type=\"column\">\n            <div class=\"elementor-widget-wrap elementor-element-populated\">\n                        \t\t<div class=\"elementor-element elementor-element-f788fc8 elementor-widget elementor-widget-ct_text_editor\" data-id=\"f788fc8\" data-element_type=\"widget\" data-widget_type=\"ct_text_editor.default\">\n\t\t\t\t<div class=\"elementor-widget-container\">\n\t\t\t<div id=\"ct_text_editor-f788fc8\" class=\"ct-text-editor\" data-wow-delay=\"ms\">\n\t<div class=\"ct-item--inner\">\n\t\t<div class=\"ct-inline-css\"  data-css=\"\t        \t\t\t\">\n\n\t    <\/div>\n\t\t<div class=\"ct-text-editor elementor-clearfix\">\n\t\t\t<p style=\"text-align: center\"><span style=\"color: #000000\">The health and beauty of your hair is important to us. Welcome, we meet at our hair care expert blog! Here you will find the information you need to always protect and care for your hair in the best possible way. <\/span><span style=\"color: #000000\">We look forward to seeing you on our blog.<\/span><\/p>\t\t\n\t\t<\/div>\n\t<\/div>\n<\/div>\t\t<\/div>\n\t\t\t\t<\/div>\n\t\t            <\/div>\n        <\/div>\n                            <\/div>\n        <\/section>\n        \t\t<div class=\"elementor-element elementor-element-c4f8a12 elementor-widget elementor-widget-ct_blog_grid\" data-id=\"c4f8a12\" data-element_type=\"widget\" data-widget_type=\"ct_blog_grid.default\">\n\t\t\t\t<div class=\"elementor-widget-container\">\n\t\t\t\n<div id=\"ct_blog_grid-c4f8a12\" class=\"ct-grid ct-blog-grid ct-blog-grid-layout2\" data-layout=\"masonry\" data-start-page=\"1\" data-max-pages=\"1\" data-total=\"3\" data-perpage=\"6\" data-next-link=\"\">\n    <div class=\"ct-grid-overlay\"><\/div>\n    \n    <div class=\"ct-grid-inner ct-grid-masonry row animate-time\" data-gutter=\"15\">\n                    <div class=\"grid-sizer col-xl-4 col-lg-4 col-md-6 col-sm-6 col-12\"><\/div>\n                                <div class=\"grid-item col-xl-4 col-lg-4 col-md-6 col-sm-6 col-12 sac-bakimi\">\n                    <div class=\"grid-item-inner\" data-wow-duration=\"1.2s\">\n                                                    <div class=\"item--featured image-effect-white\">\n                                <a href=\"https:\/\/www.keoprotr.com\/en\/sac-ihtiyacina-gore-bakim-onerileri\/\"><img fetchpriority=\"high\" decoding=\"async\" class=\"no-lazyload\" src=\"https:\/\/www.keoprotr.com\/wp-content\/uploads\/2020\/08\/about-4-2-370x250.jpg\" width=\"370\" height=\"250\" alt=\"about-4-2\" title=\"about-4-2\" \/><\/a>\n                            <\/div>\n                                                <div class=\"item--body\">\n                            <div class=\"item--holder\">\n                                                                <h3 class=\"item--title\"><a href=\"https:\/\/www.keoprotr.com\/en\/sac-ihtiyacina-gore-bakim-onerileri\/\">Care Suggestions According to Hair Needs<\/a><\/h3>\n                                                                    <div class=\"item--readmore\">\n                                        <a href=\"https:\/\/www.keoprotr.com\/en\/sac-ihtiyacina-gore-bakim-onerileri\/\">\n                                            Read More                                            <i class=\"fac fac-angle-double-right space-left\"><\/i>\n                                        <\/a>\n                                    <\/div>\n                                                            <\/div>\n                        <\/div>\n                    <\/div>\n                <\/div>\n                            <div class=\"grid-item col-xl-4 col-lg-4 col-md-6 col-sm-6 col-12 sac-boyasi\">\n                    <div class=\"grid-item-inner\" data-wow-duration=\"1.2s\">\n                                                    <div class=\"item--featured image-effect-white\">\n                                <a href=\"https:\/\/www.keoprotr.com\/en\/sac-boyasi-alirken-nelere-dikkat-etmeliyiz\/\"><img decoding=\"async\" class=\"no-lazyload\" src=\"https:\/\/www.keoprotr.com\/wp-content\/uploads\/2020\/08\/about-1-1asd-370x250-1.png\" width=\"370\" height=\"250\" alt=\"about-1-1asd-370x250\" title=\"about-1-1asd-370x250\" \/><\/a>\n                            <\/div>\n                                                <div class=\"item--body\">\n                            <div class=\"item--holder\">\n                                                                <h3 class=\"item--title\"><a href=\"https:\/\/www.keoprotr.com\/en\/sac-boyasi-alirken-nelere-dikkat-etmeliyiz\/\">What Should We Pay Attention to When Buying Hair Dye?<\/a><\/h3>\n                                                                    <div class=\"item--readmore\">\n                                        <a href=\"https:\/\/www.keoprotr.com\/en\/sac-boyasi-alirken-nelere-dikkat-etmeliyiz\/\">\n                                            Read More                                            <i class=\"fac fac-angle-double-right space-left\"><\/i>\n                                        <\/a>\n                                    <\/div>\n                                                            <\/div>\n                        <\/div>\n                    <\/div>\n                <\/div>\n                            <div class=\"grid-item col-xl-4 col-lg-4 col-md-6 col-sm-6 col-12 sac-bakimi\">\n                    <div class=\"grid-item-inner\" data-wow-duration=\"1.2s\">\n                                                    <div class=\"item--featured image-effect-white\">\n                                <a href=\"https:\/\/www.keoprotr.com\/en\/yaz-aylarinda-sac-bakimi-nasil-olmalidir\/\"><img decoding=\"async\" class=\"no-lazyload\" src=\"https:\/\/www.keoprotr.com\/wp-content\/uploads\/2020\/07\/banner-2-11-370x250.jpg\" width=\"370\" height=\"250\" alt=\"banner-2-11\" title=\"banner-2-11\" \/><\/a>\n                            <\/div>\n                                                <div class=\"item--body\">\n                            <div class=\"item--holder\">\n                                                                <h3 class=\"item--title\"><a href=\"https:\/\/www.keoprotr.com\/en\/yaz-aylarinda-sac-bakimi-nasil-olmalidir\/\">How Should Hair Care Be During Summer?<\/a><\/h3>\n                                                                    <div class=\"item--readmore\">\n                                        <a href=\"https:\/\/www.keoprotr.com\/en\/yaz-aylarinda-sac-bakimi-nasil-olmalidir\/\">\n                                            Read More                                            <i class=\"fac fac-angle-double-right space-left\"><\/i>\n                                        <\/a>\n                                    <\/div>\n                                                            <\/div>\n                        <\/div>\n                    <\/div>\n                <\/div>\n                <\/div>\n            <div class=\"ct-grid-pagination\" data-loadmore=\"{&quot;startPage&quot;:1,&quot;maxPages&quot;:1,&quot;total&quot;:3,&quot;perpage&quot;:&quot;6&quot;,&quot;nextLink&quot;:&quot;&quot;,&quot;source&quot;:&quot;&quot;,&quot;orderby&quot;:&quot;date&quot;,&quot;order&quot;:&quot;desc&quot;,&quot;limit&quot;:&quot;6&quot;,&quot;post_ids&quot;:&quot;&quot;,&quot;col_xl&quot;:4,&quot;col_lg&quot;:4,&quot;col_md&quot;:6,&quot;col_sm&quot;:6,&quot;col_xs&quot;:12,&quot;thumbnail_size&quot;:&quot;custom&quot;,&quot;thumbnail_custom_dimension&quot;:{&quot;width&quot;:&quot;&quot;,&quot;height&quot;:&quot;&quot;},&quot;pagination_type&quot;:&quot;pagination&quot;,&quot;show_author&quot;:&quot;&quot;,&quot;show_date&quot;:&quot;&quot;,&quot;show_button&quot;:&quot;true&quot;,&quot;button_text&quot;:&quot;Devam\\u0131n\\u0131 Oku&quot;,&quot;ct_animate&quot;:&quot;&quot;,&quot;template_type&quot;:&quot;post_grid_layout2&quot;,&quot;tax&quot;:[&quot;category&quot;]}\" data-query=\"{&quot;post_type&quot;:&quot;post&quot;,&quot;posts_per_page&quot;:6,&quot;order&quot;:&quot;desc&quot;,&quot;orderby&quot;:&quot;date&quot;,&quot;tax_query&quot;:{&quot;relation&quot;:&quot;OR&quot;},&quot;post__not_in&quot;:[190]}\">\n                    <\/div>\n        <\/div>\t\t<\/div>\n\t\t\t\t<\/div>\n\t\t            <\/div>\n        <\/div>\n                            <\/div>\n        <\/section>\n        \t\t\t\t\t<\/div>","protected":false},"excerpt":{"rendered":"<p>Faydal\u0131 Bilgiler Blog Tecr\u00fcbelerimizi blog yaz\u0131lar\u0131m\u0131zdan \u00f6\u011frenin Sa\u00e7lar\u0131n\u0131z\u0131n sa\u011fl\u0131\u011f\u0131 ve g\u00fczelli\u011fi bizim i\u00e7in \u00f6nemlidir. Ho\u015f geldiniz, sa\u00e7 bak\u0131mlar\u0131 uzman\u0131 blogumuzda bulu\u015fuyoruz! Burada sa\u00e7lar\u0131n\u0131z\u0131 her zaman en iyi \u015fekilde koruman\u0131z ve bak\u0131m\u0131n\u0131 yapman\u0131z i\u00e7in gereken bilgileri bulacaks\u0131n\u0131z. Sizi blogumuzda g\u00f6rmek i\u00e7in sab\u0131rs\u0131zlan\u0131yoruz. Faydal\u0131 Bilgiler Blog Tecr\u00fcbelerimizi blog yaz\u0131lar\u0131m\u0131zdan \u00f6\u011frenin Sa\u00e7lar\u0131n\u0131z\u0131n sa\u011fl\u0131\u011f\u0131 ve g\u00fczelli\u011fi bizim i\u00e7in \u00f6nemlidir. [&hellip;]<\/p>","protected":false},"author":1,"featured_media":0,"parent":0,"menu_order":0,"comment_status":"closed","ping_status":"closed","template":"","meta":{"footnotes":""},"class_list":["post-190","page","type-page","status-publish","hentry"],"_links":{"self":[{"href":"https:\/\/www.keoprotr.com\/en\/wp-json\/wp\/v2\/pages\/190","targetHints":{"allow":["GET"]}}],"collection":[{"href":"https:\/\/www.keoprotr.com\/en\/wp-json\/wp\/v2\/pages"}],"about":[{"href":"https:\/\/www.keoprotr.com\/en\/wp-json\/wp\/v2\/types\/page"}],"author":[{"embeddable":true,"href":"https:\/\/www.keoprotr.com\/en\/wp-json\/wp\/v2\/users\/1"}],"replies":[{"embeddable":true,"href":"https:\/\/www.keoprotr.com\/en\/wp-json\/wp\/v2\/comments?post=190"}],"version-history":[{"count":16,"href":"https:\/\/www.keoprotr.com\/en\/wp-json\/wp\/v2\/pages\/190\/revisions"}],"predecessor-version":[{"id":8115,"href":"https:\/\/www.keoprotr.com\/en\/wp-json\/wp\/v2\/pages\/190\/revisions\/8115"}],"wp:attachment":[{"href":"https:\/\/www.keoprotr.com\/en\/wp-json\/wp\/v2\/media?parent=190"}],"curies":[{"name":"wp","href":"https:\/\/api.w.org\/{rel}","templated":true}]}}